{"id":84,"date":"2025-01-29T15:13:47","date_gmt":"2025-01-29T15:13:47","guid":{"rendered":"https:\/\/injuryrehabcenters.com\/?page_id=84"},"modified":"2025-06-06T20:33:28","modified_gmt":"2025-06-06T20:33:28","slug":"contacto","status":"publish","type":"page","link":"https:\/\/injuryrehabcenters.com\/es\/contacto\/","title":{"rendered":"Contacte con nosotros"},"content":{"rendered":"<section class=\"bde-section-84-192 bde-section\">\n              \n  \n  \n\t\n\n\n\n        <div class=\"section-shape-divider-wrapper section-shape-divider-wrapper--1\">\n          <span class=\"section-shape-divider\">\n                      <svg\n                xmlns=\"http:\/\/www.w3.org\/2000\/svg\"\n                viewbox=\"0 0 1440 320\"\n                preserveaspectratio=\"none\"\n            >\n              <path fill=\"currentColor\" fill-opacity=\"1\" d=\"M0,128L120,117.3C240,107,480,85,720,112C960,139,1200,213,1320,250.7L1440,288L1440,320L1320,320C1200,320,960,320,720,320C480,320,240,320,120,320L0,320Z\"><\/path>\n            <\/svg>\n                    <\/span>\n      <\/div>\n  <div class=\"section-container\"><div class=\"bde-columns-84-193 bde-columns\"><div class=\"bde-column-84-194 bde-column\">\n  \n  \n\t\n\n\n\n<img decoding=\"async\" class=\"bde-image2-84-195 bde-image2 bde-preset-c0ea89c7-eb5b-4cc2-98f0-ea6211ac6203\" src=\"https:\/\/injuryrehabcenters.com\/wp-content\/uploads\/2025\/01\/dr-k-and-wife.jpg\" alt=\"Dr. Kelly Von-Schilling Worth y esposa, Elderize Von-Schilling Worth\" loading=\"lazy\" srcset=\"https:\/\/injuryrehabcenters.com\/wp-content\/uploads\/2025\/01\/dr-k-and-wife.jpg 1280w, https:\/\/injuryrehabcenters.com\/wp-content\/uploads\/2025\/01\/dr-k-and-wife-300x225.jpg 300w, https:\/\/injuryrehabcenters.com\/wp-content\/uploads\/2025\/01\/dr-k-and-wife-1024x768.jpg 1024w, https:\/\/injuryrehabcenters.com\/wp-content\/uploads\/2025\/01\/dr-k-and-wife-768x576.jpg 768w\" sizes=\"(max-width: 1280px) 100vw, 1280px\">\n<\/div><div class=\"bde-column-84-196 bde-column\">\n  \n  \n\t\n\n\n\n<div class=\"bde-div-84-197 bde-div\">\n  \n  \n\t\n\n\n\n<h1 class=\"bde-heading-84-199 bde-heading bde-preset-5f7d7a0b-ed72-4fda-b2b3-8ddeb1c9fb67\">\nContacte con nosotros\n<\/h1><div class=\"bde-div-84-212 bde-div\">\n  \n  \n\t\n\n\n\n<p class=\"bde-text-84-200 bde-text\">\nSi tiene alguna pregunta o desea concertar una cita, p\u00f3ngase en contacto con nuestro equipo. Estamos aqu\u00ed para ayudarle en su camino hacia la recuperaci\u00f3n.\n<\/p><div class=\"bde-checkmark-list-84-211 bde-checkmark-list\">\n<ul>\n  \n              \n              \n    <li>\n      <span class='bde-checkmark-list__icon bde-checkmark-list__icon_yes'>\n                  <svg xmlns=\"http:\/\/www.w3.org\/2000\/svg\" viewbox=\"0 0 24 24\"><path d=\"M18.71,7.21a1,1,0,0,0-1.42,0L9.84,14.67,6.71,11.53A1,1,0,1,0,5.29,13l3.84,3.84a1,1,0,0,0,1.42,0l8.16-8.16A1,1,0,0,0,18.71,7.21Z\"\/><\/svg>\n              <\/span>\n      <div >\n        Citas el mismo d\u00eda\n      <\/div>\n\n    <\/li>\n\n  \n              \n              \n    <li>\n      <span class='bde-checkmark-list__icon bde-checkmark-list__icon_yes'>\n                  <svg xmlns=\"http:\/\/www.w3.org\/2000\/svg\" viewbox=\"0 0 24 24\"><path d=\"M18.71,7.21a1,1,0,0,0-1.42,0L9.84,14.67,6.71,11.53A1,1,0,1,0,5.29,13l3.84,3.84a1,1,0,0,0,1.42,0l8.16-8.16A1,1,0,0,0,18.71,7.21Z\"\/><\/svg>\n              <\/span>\n      <div >\n        Consultas gratuitas para analizar su situaci\u00f3n antes de convertirse en paciente\n      <\/div>\n\n    <\/li>\n\n  \n              \n              \n    <li>\n      <span class='bde-checkmark-list__icon bde-checkmark-list__icon_yes'>\n                  <svg xmlns=\"http:\/\/www.w3.org\/2000\/svg\" viewbox=\"0 0 24 24\"><path d=\"M18.71,7.21a1,1,0,0,0-1.42,0L9.84,14.67,6.71,11.53A1,1,0,1,0,5.29,13l3.84,3.84a1,1,0,0,0,1.42,0l8.16-8.16A1,1,0,0,0,18.71,7.21Z\"\/><\/svg>\n              <\/span>\n      <div >\n        Se Hablamos Espa\u00f1ol\n      <\/div>\n\n    <\/li>\n\n  <\/ul>\n\n<\/div>\n<\/div><div class=\"bde-div-84-204 bde-div\">\n  \n  \n\t\n\n\n\n<div class=\"bde-button-84-205 bde-button\">\n    \n                        \n                        \n    \n    \n    \n    \n            \n                    \n            \n            \n\n    \n    \n    \n    \n    \n    <a class=\"breakdance-link button-atom button-atom--primary bde-button__button\" href=\"#form\" target=\"_self\" data-type=\"url\"  >\n\n    \n        <span class=\"button-atom__text\">Enviar un mensaje<\/span>\n\n        \n        \n                <\/a>\n\n    \n\n\n<\/div><div class=\"bde-button-84-206 bde-button\">\n    \n                        \n                        \n    \n    \n    \n    \n            \n                    \n            \n            \n\n    \n    \n    \n    \n    \n    <a class=\"breakdance-link button-atom button-atom--custom bde-button__button\" href=\"tel:4146439000\" target=\"_self\" data-type=\"url\"  >\n\n    \n        <span class=\"button-atom__text\">(414) 643-9000<\/span>\n\n        \n        \n                <\/a>\n\n    \n\n\n<\/div>\n<\/div>\n<\/div>\n<\/div><\/div><\/div>\n<\/section><section class=\"bde-section-84-160 bde-section\">\n  \n  \n\t\n\n\n\n<div class=\"section-container\"><div class=\"bde-globalblock-84-191 bde-globalblock\"><div class=\"bde-columns-125-100-125-1 bde-columns bde-columns-125-100\"><div class=\"bde-column-125-101-125-1 bde-column bde-column-125-101\">\n  \n  \n\t\n\n\n\n<div class=\"bde-div-125-117-125-1 bde-div bde-div-125-117\">\n  \n  \n\t\n\n\n\n<img decoding=\"async\" class=\"bde-image2-125-115-125-1 bde-image2 bde-image2-125-115\" src=\"https:\/\/injuryrehabcenters.com\/wp-content\/uploads\/2024\/02\/AIRC-LOGO.png\" alt=\"Logotipo del Centro de Rehabilitaci\u00f3n de Accidentes y Lesiones\" loading=\"lazy\" srcset=\"https:\/\/injuryrehabcenters.com\/wp-content\/uploads\/2024\/02\/AIRC-LOGO.png 1894w, https:\/\/injuryrehabcenters.com\/wp-content\/uploads\/2024\/02\/AIRC-LOGO-300x115.png 300w, https:\/\/injuryrehabcenters.com\/wp-content\/uploads\/2024\/02\/AIRC-LOGO-1024x391.png 1024w, https:\/\/injuryrehabcenters.com\/wp-content\/uploads\/2024\/02\/AIRC-LOGO-768x293.png 768w, https:\/\/injuryrehabcenters.com\/wp-content\/uploads\/2024\/02\/AIRC-LOGO-1536x586.png 1536w\" sizes=\"(max-width: 1894px) 100vw, 1894px\"><h2 class=\"bde-heading-125-102-125-1 bde-heading bde-heading-125-102\">\nContacte con nosotros\n<\/h2><div class=\"bde-checkmark-list-125-104-125-1 bde-checkmark-list bde-checkmark-list-125-104\">\n<ul>\n  \n              \n              \n    <li>\n      <span class='bde-checkmark-list__icon bde-checkmark-list__icon_yes'>\n                  <svg xmlns=\"http:\/\/www.w3.org\/2000\/svg\" viewbox=\"0 0 512 512\"><!--!Font Awesome Free 6.5.1 by @fontawesome - https:\/\/fontawesome.com License - https:\/\/fontawesome.com\/license\/free Copyright 2024 Fonticons, Inc.--><path d=\"M256 48a208 208 0 1 1 0 416 208 208 0 1 1 0-416zm0 464A256 256 0 1 0 256 0a256 256 0 1 0 0 512zM369 209c9.4-9.4 9.4-24.6 0-33.9s-24.6-9.4-33.9 0l-111 111-47-47c-9.4-9.4-24.6-9.4-33.9 0s-9.4 24.6 0 33.9l64 64c9.4 9.4 24.6 9.4 33.9 0L369 209z\"\/><\/svg>\n              <\/span>\n      <div >\n        Proporcionamos la <strong>tratamiento m\u00e9dico<\/strong> necesitas mejorar.\n      <\/div>\n\n    <\/li>\n\n  \n              \n              \n    <li>\n      <span class='bde-checkmark-list__icon bde-checkmark-list__icon_yes'>\n                  <svg xmlns=\"http:\/\/www.w3.org\/2000\/svg\" viewbox=\"0 0 512 512\"><!--!Font Awesome Free 6.5.1 by @fontawesome - https:\/\/fontawesome.com License - https:\/\/fontawesome.com\/license\/free Copyright 2024 Fonticons, Inc.--><path d=\"M256 48a208 208 0 1 1 0 416 208 208 0 1 1 0-416zm0 464A256 256 0 1 0 256 0a256 256 0 1 0 0 512zM369 209c9.4-9.4 9.4-24.6 0-33.9s-24.6-9.4-33.9 0l-111 111-47-47c-9.4-9.4-24.6-9.4-33.9 0s-9.4 24.6 0 33.9l64 64c9.4 9.4 24.6 9.4 33.9 0L369 209z\"\/><\/svg>\n              <\/span>\n      <div >\n        Ayudamos a las v\u00edctimas de <strong>accidentes corporales<\/strong>.\n      <\/div>\n\n    <\/li>\n\n  \n              \n              \n    <li>\n      <span class='bde-checkmark-list__icon bde-checkmark-list__icon_yes'>\n                  <svg xmlns=\"http:\/\/www.w3.org\/2000\/svg\" viewbox=\"0 0 512 512\"><!--!Font Awesome Free 6.5.1 by @fontawesome - https:\/\/fontawesome.com License - https:\/\/fontawesome.com\/license\/free Copyright 2024 Fonticons, Inc.--><path d=\"M256 48a208 208 0 1 1 0 416 208 208 0 1 1 0-416zm0 464A256 256 0 1 0 256 0a256 256 0 1 0 0 512zM369 209c9.4-9.4 9.4-24.6 0-33.9s-24.6-9.4-33.9 0l-111 111-47-47c-9.4-9.4-24.6-9.4-33.9 0s-9.4 24.6 0 33.9l64 64c9.4 9.4 24.6 9.4 33.9 0L369 209z\"\/><\/svg>\n              <\/span>\n      <div >\n        P\u00f3ngase en contacto con nosotros <strong>concertar una cita<\/strong> \u00a1hoy!\n      <\/div>\n\n    <\/li>\n\n  <\/ul>\n\n<\/div><div class=\"bde-div-125-105-125-1 bde-div bde-div-125-105\">\n  \n  \n\t\n\n\n\n<div class=\"bde-div-125-106-125-1 bde-div bde-div-125-106\">\n  \n  \n\t\n\n\n\n<h5 class=\"bde-heading-125-107-125-1 bde-heading bde-heading-125-107\">\nDIRECCI\u00d3N\n<\/h5><div class=\"bde-rich-text-125-108-125-1 bde-rich-text bde-rich-text-125-108 breakdance-rich-text-styles\">\n<address>2512 W Lincoln Ave,<br \/>\nMilwaukee, WI 53215<\/address>\n\n<\/div><a class=\"bde-text-link-125-109-125-1 bde-text-link bde-text-link-125-109 breakdance-link\" href=\"https:\/\/maps.app.goo.gl\/tPKR7n3nZ3PBfLLF7\" target=\"_self\" data-type=\"url\">\n  C\u00f3mo llegar\n\n<\/a>\n<\/div><div class=\"bde-div-125-110-125-1 bde-div bde-div-125-110\">\n  \n  \n\t\n\n\n\n<h5 class=\"bde-heading-125-111-125-1 bde-heading bde-heading-125-111\">\nTEL\u00c9FONO\n<\/h5><a class=\"bde-text-link-125-112-125-1 bde-text-link bde-text-link-125-112 breakdance-link\" href=\"tel:4146439000\" target=\"_self\" data-type=\"url\">\n  (414) 643-9000\n\n<\/a>\n<\/div>\n<\/div>\n<\/div>\n<\/div><div id=\"form\" class=\"bde-column-125-113-125-1 bde-column bde-column-125-113\">\n  \n  \n\t\n\n\n\n<div class=\"bde-shortcode-125-114-125-1 bde-shortcode form--style1 bde-shortcode-125-114\"><div class='fluentform ff-default fluentform_wrapper_3 ffs_default_wrap'><form data-form_id=\"3\" id=\"fluentform_3\" class=\"frm-fluent-form fluent_form_3 ff-el-form-top ff_form_instance_3_1 ff-form-loading ffs_default\" data-form_instance=\"ff_form_instance_3_1\" method=\"POST\" action=\"\" ><fieldset  style=\"border: none!important;margin: 0!important;padding: 0!important;background-color: transparent!important;box-shadow: none!important;outline: none!important; min-inline-size: 100%;\">\n                    <legend class=\"ff_screen_reader_title\" style=\"display: block; margin: 0!important;padding: 0!important;height: 0!important;text-indent: -999999px;width: 0!important;overflow:hidden;\">Formulario de contacto<\/legend><p style=\"display: none !important;\" class=\"akismet-fields-container\" data-prefix=\"ak_\"><label>\u0394<textarea name=\"ak_hp_textarea\" cols=\"45\" rows=\"8\" maxlength=\"100\"><\/textarea><\/label><input type=\"hidden\" id=\"ak_js_1\" name=\"ak_js\" value=\"123\"\/><script>document.getElementById( \"ak_js_1\" ).setAttribute( \"value\", ( new Date() ).getTime() );<\/script><\/p>        <div\n                style=\"display: none!important; position: absolute!important; transform: translateX(1000%)!important;\"\n                class=\"ff-el-group ff-hpsf-container\"\n        >\n            <div class=\"ff-el-input--label asterisk-right\">\n                <label for=\"ff_3_item_sf\" aria-label=\"Bolet\u00edn\">\n                    Bolet\u00edn                <\/label>\n            <\/div>\n            <div class=\"ff-el-input--content\">\n                <input type=\"text\"\n                       name=\"item_3__fluent_sf\"\n                       class=\"ff-el-form-control\"\n                       id=\"ff_3_item_sf\"\n                \/>\n            <\/div>\n        <\/div>\n                <input type=\"hidden\" id=\"__fluent_protection_token_3\" class=\"fluent-form-token-field\" name=\"__fluent_protection_token_3\">\n        <input type='hidden' name='__fluent_form_embded_post_id' value='84' \/><input type=\"hidden\" id=\"_fluentform_3_fluentformnonce\" name=\"_fluentform_3_fluentformnonce\" value=\"e5f55681d5\" \/><input type=\"hidden\" name=\"_wp_http_referer\" value=\"\/es\/wp-json\/wp\/v2\/pages\/84\" \/><div data-name=\"ff_cn_id_1\"  class='ff-t-container ff-column-container ff_columns_total_2'><div class='ff-t-cell ff-t-column-1' style='flex-basis: 50%;'><div class='ff-el-group'><div class=\"ff-el-input--label ff-el-is-required asterisk-right\"><label for='ff_3_full_name' id='label_ff_3_full_name' >Nombre y apellidos<\/label><\/div><div class='ff-el-input--content'><div class=\"ff_input-group\"><div class=\"ff_input-group-prepend\"><span class=\"ff_input-group-text\"><i class=\"fa-solid fa-user\"><\/i><\/span><\/div><input type=\"text\" name=\"full_name\" class=\"ff-el-form-control\" placeholder=\"Juan Nadie\" data-name=\"full_name\" id=\"ff_3_full_name\"  aria-invalid=\"false\" aria-required=\"true\"><\/div><\/div><\/div><\/div><div class='ff-t-cell ff-t-column-2' style='flex-basis: 50%;'><div class='ff-el-group'><div class=\"ff-el-input--label ff-el-is-required asterisk-right\"><label for='ff_3_datetime' id='label_ff_3_datetime' aria-label=\"Fecha de la lesi\u00f3n\">Fecha de la lesi\u00f3n<\/label><\/div><div class='ff-el-input--content'><input  aria-label='Fecha de la lesi\u00f3n Utilice las teclas de flecha para desplazarse por las fechas. Pulse Intro para seleccionar una fecha.'  aria-haspopup='dialog' data-type-datepicker data-format='m\/d\/Y' type=\"text\" name=\"datetime\" id=\"ff_3_datetime\" class=\"ff-el-form-control ff-el-datepicker\" data-name=\"datetime\"  aria-invalid='false' aria-required=\"true\"><\/div><\/div><\/div><\/div><div data-name=\"ff_cn_id_2\"  class='ff-t-container ff-column-container ff_columns_total_2'><div class='ff-t-cell ff-t-column-1' style='flex-basis: 50%;'><div class='ff-el-group'><div class=\"ff-el-input--label ff-el-is-required asterisk-right\"><label for='ff_3_email' id='label_ff_3_email' aria-label=\"Correo electr\u00f3nico\">Correo electr\u00f3nico<\/label><\/div><div class='ff-el-input--content'><div class=\"ff_input-group\"><div class=\"ff_input-group-prepend\"><span class=\"ff_input-group-text\"><i class=\"fa-solid fa-envelope\"><\/i><\/span><\/div><input type=\"email\" name=\"email\" id=\"ff_3_email\" class=\"ff-el-form-control\" placeholder=\"john.doe@gmail.com\" data-name=\"email\"  aria-invalid=\"false\" aria-required=\"true\"><\/div><\/div><\/div><\/div><div class='ff-t-cell ff-t-column-2' style='flex-basis: 50%;'><div class='ff-el-group'><div class=\"ff-el-input--label ff-el-is-required asterisk-right\"><label for='ff_3_phone' id='label_ff_3_phone' aria-label=\"Tel\u00e9fono\">Tel\u00e9fono<\/label><\/div><div class='ff-el-input--content'><div class=\"ff_input-group\"><div class=\"ff_input-group-prepend\"><span class=\"ff_input-group-text\"><i class=\"fa-solid fa-phone\"><\/i><\/span><\/div><input type=\"text\" name=\"phone\" data-mask=\"(000) 000-0000\" class=\"ff-el-form-control\" placeholder=\"(###) ###-####\" data-name=\"phone\" id=\"ff_3_phone\"  aria-invalid=\"false\" aria-required=\"true\"><\/div><\/div><\/div><\/div><\/div><div class='ff-el-group'><div class=\"ff-el-input--label ff-el-is-required asterisk-right\"><label for='ff_3_description' id='label_ff_3_description' aria-label=\"Mensaje\">Mensaje<\/label><\/div><div class='ff-el-input--content'><textarea aria-required=\"true\" aria-labelledby=\"label_ff_3_description\" name=\"description\" id=\"ff_3_description\" class=\"ff-el-form-control\" placeholder=\"H\u00e1blenos de sus lesiones.\" rows=\"3\" cols=\"2\" data-name=\"description\" ><\/textarea><\/div><\/div><div class='ff-el-group ff-text-right ff_submit_btn_wrapper'><button type=\"submit\" class=\"ff-btn ff-btn-submit ff-btn-md ff_btn_style\"  aria-label=\"Enviar mensaje\">Enviar mensaje<\/button><\/div><\/fieldset><input type=\"hidden\" name=\"trp-form-language\" value=\"es\"\/><\/form><div id='fluentform_3_errors' class='ff-errors-in-stack ff_form_instance_3_1 ff-form-loading_errors ff_form_instance_3_1_errors'><\/div><\/div>            <script type=\"text\/javascript\">\n                window.fluent_form_ff_form_instance_3_1 = {\"id\":\"3\",\"settings\":{\"layout\":{\"labelPlacement\":\"top\",\"helpMessagePlacement\":\"with_label\",\"errorMessagePlacement\":\"inline\",\"cssClassName\":\"\",\"asteriskPlacement\":\"asterisk-right\"},\"restrictions\":{\"denyEmptySubmission\":{\"enabled\":false}}},\"form_instance\":\"ff_form_instance_3_1\",\"form_id_selector\":\"fluentform_3\",\"rules\":{\"full_name\":{\"required\":{\"value\":true,\"message\":\"This field is required\",\"global\":false,\"global_message\":\"This field is required\"}},\"datetime\":{\"required\":{\"value\":true,\"message\":\"This field is required\",\"global_message\":\"This field is required\",\"global\":true}},\"email\":{\"required\":{\"value\":true,\"message\":\"This field is required\",\"global\":false,\"global_message\":\"This field is required\"},\"email\":{\"value\":true,\"message\":\"This field must contain a valid email\",\"global\":false,\"global_message\":\"This field must contain a valid email\"}},\"phone\":{\"required\":{\"value\":true,\"message\":\"This field is required\",\"global\":false,\"global_message\":\"This field is required\"}},\"description\":{\"required\":{\"value\":true,\"message\":\"This field is required\",\"global\":false,\"global_message\":\"This field is required\"}}},\"debounce_time\":300};\n                            <\/script>\n            <\/div>\n<\/div><\/div><\/div><h1 class=\"bde-heading-84-179 bde-heading\">\nEl Centro de Rehabilitaci\u00f3n de Accidentes y Lesiones le ayuda en el camino hacia la recuperaci\u00f3n\n<\/h1><div class=\"bde-text-84-180 bde-text\">\nSu recuperaci\u00f3n comienza en Accident &amp; Injury Rehab Center of Milwaukee. Su viaje acaba de empezar. Desarrollaremos un plan personalizado para su tratamiento m\u00e9dico, asegur\u00e1ndonos de que se obtengan pruebas objetivas que respalden su reclamaci\u00f3n por lesiones. Esto le permite obtener el resultado m\u00e1s favorable cuando su cuidado se ha completado. Es fundamental contar con un m\u00e9dico especializado en lesiones a su lado. Llame hoy mismo para empezar.\n<\/div><div class=\"bde-grid-84-147 bde-grid\">\n  \n  \n\t\n\n\n\n<div class=\"bde-div-84-207 bde-div grid--span2\">\n  \n  \n\t\n\n\n\n<h3 class=\"bde-heading-84-209 bde-heading\">\nTratamiento m\u00e9dico avanzado\n<\/h3><div class=\"bde-text-84-210 bde-text\">\nAdem\u00e1s de nuestro cuidado compasivo y tratamiento ambulatorio, trabajamos con una red de profesionales m\u00e9dicos para ofrecer atenci\u00f3n adicional, tales como servicios de manejo del dolor, evaluaciones ortop\u00e9dicas y tratamiento, pruebas de neurodiagn\u00f3stico, y la cirug\u00eda si es necesario. Estos servicios nos permiten ofrecer m\u00e1s opciones para una amplia gama de lesiones y desarrollar plenamente una calificaci\u00f3n de deterioro para construir una documentaci\u00f3n s\u00f3lida para su demanda por lesiones.\n<\/div>\n<\/div><div class=\"bde-div-84-155 bde-div\">\n  \n  \n\t\n\n\n\n<div class=\"bde-icon-84-156 bde-icon bde-preset-08846d70-838c-4b61-9a14-95862e15d6b1\">\n\n    \n            <div class=\"bde-icon-icon breakdance-icon-atom\" >\n    \n                    <svg xmlns=\"http:\/\/www.w3.org\/2000\/svg\" viewbox=\"0 0 512 512\"><!--!Font Awesome Pro 6.7.2 by @fontawesome - https:\/\/fontawesome.com License - https:\/\/fontawesome.com\/license (Commercial License) Copyright 2025 Fonticons, Inc.--><path d=\"M198.4 36C208.8 14.7 230.7 0 256 0s47.2 14.7 57.6 36c7-2.6 14.5-4 22.4-4c35.3 0 64 28.7 64 64l0 2c5.1-1.3 10.5-2 16-2c35.3 0 64 28.7 64 64l0 176c0 1.5-.1 3-.4 4.5c-6.2 91.7-79.4 165-171.1 171.1c-1.5 .3-2.9 .4-4.5 .4l-8 0-8.5 0c-67.9 0-133-27-181-75L18.7 349.3c-25-25-25-65.5 0-90.5s65.5-25 90.5 0l2.7 2.7L112 96c0-35.3 28.7-64 64-64c7.9 0 15.4 1.4 22.4 4zM240 232c0 13.3-10.7 24-24 24s-24-10.7-24-24l0-136.1c0-8.8-7.2-15.9-16-15.9c-8.8 0-16 7.2-16 16l0 223.4c0 9.7-5.8 18.5-14.8 22.2s-19.3 1.7-26.2-5.2L75.3 292.7c-6.2-6.2-16.4-6.2-22.6 0s-6.2 16.4 0 22.6l87.8 87.8c39 39 91.9 60.9 147.1 60.9l8.5 0 4.9 0c.6-.1 1.3-.1 1.9-.2c69.7-3.4 125.6-59.3 129-129c0-.6 .1-1.3 .2-1.9L432 160c0-8.8-7.2-16-16-16s-16 7.2-16 16c0 0 0 .1 0 .1l0 71.9c0 13.3-10.7 24-24 24s-24-10.7-24-24l0-80c0 0 0-.1 0-.1L352 96c0-8.8-7.2-16-16-16s-16 7.1-16 16c0 0 0 0 0 .1l0 136c0 13.3-10.7 24-24 24s-24-10.7-24-24l0-136 0-.1L272 64c0-8.8-7.2-16-16-16s-16 7.2-16 16l0 32 0 .1L240 232zm-32 96.8c0-22.6 18.3-40.8 40.8-40.8c10.8 0 21.2 4.3 28.9 12l5 5 5-5c7.7-7.7 18-12 28.9-12c22.6 0 40.8 18.3 40.8 40.8c0 10.8-4.3 21.2-12 28.9l-55.2 55.2c-4.2 4.2-10.9 4.2-15.1 0L220 357.7c-7.7-7.7-12-18-12-28.9z\"\/><\/svg>\n        \n        \n        \n            <\/div>\n    \n\n\n<\/div><h3 class=\"bde-heading-84-157 bde-heading\">\nObtenga hoy mismo la ayuda que necesita\n<\/h3><div class=\"bde-text-84-158 bde-text\">\nEn Accident and Injury Rehab Center, ofrecemos citas en el mismo d\u00eda para ponerle en el camino de la recuperaci\u00f3n lo antes posible. Ll\u00e1menos o complete el siguiente formulario para comenzar con una consulta gratuita. Estamos ansiosos por conocerte.\n<\/div>\n<\/div><div class=\"bde-div-84-149 bde-div\">\n  \n  \n\t\n\n\n\n<div class=\"bde-icon-84-152 bde-icon bde-preset-08846d70-838c-4b61-9a14-95862e15d6b1\">\n\n    \n            <div class=\"bde-icon-icon breakdance-icon-atom\" >\n    \n                    <svg xmlns=\"http:\/\/www.w3.org\/2000\/svg\" viewbox=\"0 0 512 512\"><!-- Font Awesome Free 5.15.1 by @fontawesome - https:\/\/fontawesome.com License - https:\/\/fontawesome.com\/license\/free (Icons: CC BY 4.0, Fonts: SIL OFL 1.1, Code: MIT License) --><path d=\"M256 32C114.62 32 0 125.12 0 240c0 49.56 21.41 95 57 130.74C44.46 421.05 2.7 466 2.2 466.5A8 8 0 0 0 8 480c66.26 0 116-31.75 140.6-51.38A304.66 304.66 0 0 0 256 448c141.39 0 256-93.12 256-208S397.39 32 256 32zm96 232a8 8 0 0 1-8 8h-56v56a8 8 0 0 1-8 8h-48a8 8 0 0 1-8-8v-56h-56a8 8 0 0 1-8-8v-48a8 8 0 0 1 8-8h56v-56a8 8 0 0 1 8-8h48a8 8 0 0 1 8 8v56h56a8 8 0 0 1 8 8z\"\/><\/svg>\n        \n        \n        \n            <\/div>\n    \n\n\n<\/div><h3 class=\"bde-heading-84-153 bde-heading\">\nRecibir tratamiento m\u00e9dico ahora\n<\/h3><div class=\"bde-text-84-154 bde-text\">\nAtenci\u00f3n compasiva y tratamiento ambulatorio eficaz para los heridos en accidentes de tr\u00e1fico, resbalones y ca\u00eddas, y otros incidentes de lesiones personales cuando la responsabilidad de terceros est\u00e1 involucrado.\n<\/div>\n<\/div>\n<\/div><div class=\"bde-google-map-84-117 bde-google-map\">\r\n<iframe width=\"100%\" height=\"100%\" style=\"border:0\" loading=\"lazy\" title=\"Mapa\" src=\"https:\/\/maps.google.com\/maps?q=Accident+%26+Injury+Rehab+Center%3Caddress%3E2512+W+Lincoln+Ave%2C%3Cbr+%2F%3E%0AMilwaukee%2C+WI+53215%3C%2Faddress%3E%0A&t=m&z=12&output=embed&iwloc=near\" allowfullscreen><\/iframe>\n<\/div><\/div>\n<\/section><section class=\"bde-section-84-181 bde-section\">\n  \n  \n\t\n\n\n\n<div class=\"section-container\"><h2 class=\"bde-heading-84-182 bde-heading\">\nNuestro personal\n<\/h2><div class=\"bde-text-84-184 bde-text\">\nCon m\u00e1s de 5 d\u00e9cadas de experiencia colectiva, nuestro personal aporta una riqueza de sabidur\u00eda y perspicacia a su tratamiento de lesiones y la documentaci\u00f3n m\u00e9dica que apoya su demanda legal. Nuestra experiencia y enfoque de cuidado nos permite proporcionar un tratamiento completo para hacer frente a sus lesiones y conseguir que en el camino hacia la recuperaci\u00f3n.\n<\/div><div class=\"bde-globalblock-84-183 bde-globalblock\"><div class=\"bde-grid-107-100-107-1 bde-grid bde-grid-107-100\">\n  \n  \n\t\n\n\n\n<div class=\"bde-div-107-101-107-1 bde-div bde-div-107-101\">\n  \n  \n\t\n\n\n\n<div class=\"bde-div-107-102-107-1 bde-div bde-div-107-102\">\n  \n  \n\t\n\n\n\n<h3 class=\"bde-heading-107-103-107-1 bde-heading bde-heading-107-103\">\nDra. Kelly Von-Schilling Worth, DC-DACAN\n<\/h3><p class=\"bde-text-107-104-107-1 bde-text bde-text-107-104\">\nNeur\u00f3logo quiropr\u00e1ctico y quiropr\u00e1ctico internista con doble certificaci\u00f3n.\n<\/p>\n<\/div>\n<\/div><div class=\"bde-div-107-105-107-1 bde-div bde-div-107-105\">\n  \n  \n\t\n\n\n\n<div class=\"bde-div-107-106-107-1 bde-div bde-div-107-106\">\n  \n  \n\t\n\n\n\n<h3 class=\"bde-heading-107-107-107-1 bde-heading bde-heading-107-107\">\nDr. Eric Brueckner, PT, DPT\n<\/h3><p class=\"bde-text-107-108-107-1 bde-text bde-text-107-108\">\nDoctor en Fisioterapia\n<\/p>\n<\/div>\n<\/div><div class=\"bde-div-107-109-107-1 bde-div bde-div-107-109\">\n  \n  \n\t\n\n\n\n<div class=\"bde-div-107-110-107-1 bde-div bde-div-107-110\">\n  \n  \n\t\n\n\n\n<h3 class=\"bde-heading-107-111-107-1 bde-heading bde-heading-107-111\">\nElderize Von-Schilling Worth, CT, CRT\n<\/h3><p class=\"bde-text-107-112-107-1 bde-text bde-text-107-112\">\nT\u00e9cnico en Quiropr\u00e1ctica y Radiolog\u00eda\n<\/p>\n<\/div>\n<\/div>\n<\/div><\/div><\/div>\n<\/section>","protected":false},"excerpt":{"rendered":"<p>Contact Us For any questions or to schedule an appointment, please reach out to our dedicated team. We&#8217;re here to assist you on your path to recovery. Same Day Appointments Are Available Free Consultations To Discuss Your Situation Before Becoming a Patient Se Hablamos Espa\u00f1ol Send a Message (414) 643-9000 Contact Us We provide the [&hellip;]<\/p>","protected":false},"author":3,"featured_media":0,"parent":0,"menu_order":0,"comment_status":"closed","ping_status":"closed","template":"","meta":{"_acf_changed":false,"slim_seo":{"title":"Contact Us - Accident &amp; Injury Rehab Center","description":"Contacte con nosotros Si tiene alguna pregunta o desea concertar una cita, p\u00f3ngase en contacto con nuestro equipo. Estamos aqu\u00ed para ayudarle en su camino hacia la recuperaci\u00f3n. El mismo d\u00eda"},"_breakdance_hide_in_design_set":false,"_breakdance_tags":"","footnotes":""},"class_list":["post-84","page","type-page","status-publish","hentry"],"acf":[],"_links":{"self":[{"href":"https:\/\/injuryrehabcenters.com\/es\/wp-json\/wp\/v2\/pages\/84","targetHints":{"allow":["GET"]}}],"collection":[{"href":"https:\/\/injuryrehabcenters.com\/es\/wp-json\/wp\/v2\/pages"}],"about":[{"href":"https:\/\/injuryrehabcenters.com\/es\/wp-json\/wp\/v2\/types\/page"}],"author":[{"embeddable":true,"href":"https:\/\/injuryrehabcenters.com\/es\/wp-json\/wp\/v2\/users\/3"}],"replies":[{"embeddable":true,"href":"https:\/\/injuryrehabcenters.com\/es\/wp-json\/wp\/v2\/comments?post=84"}],"version-history":[{"count":0,"href":"https:\/\/injuryrehabcenters.com\/es\/wp-json\/wp\/v2\/pages\/84\/revisions"}],"wp:attachment":[{"href":"https:\/\/injuryrehabcenters.com\/es\/wp-json\/wp\/v2\/media?parent=84"}],"curies":[{"name":"wp","href":"https:\/\/api.w.org\/{rel}","templated":true}]}}