{"id":257,"date":"2025-06-17T18:45:13","date_gmt":"2025-06-17T18:45:13","guid":{"rendered":"https:\/\/injuryrehabcenters.com\/?page_id=257"},"modified":"2025-06-17T19:38:42","modified_gmt":"2025-06-17T19:38:42","slug":"abogados","status":"publish","type":"page","link":"https:\/\/injuryrehabcenters.com\/es\/abogados\/","title":{"rendered":"Trabajar juntos para construir su caso m\u00e1s s\u00f3lido"},"content":{"rendered":"<section class=\"bde-section-257-100 bde-section\">\n  \n  \n\t\n\n\n\n<div class=\"section-container\"><div class=\"bde-globalblock-257-101 bde-globalblock\"><div class=\"bde-grid-199-100-199-1 bde-grid bde-grid-199-100\">\n  \n  \n\t\n\n\n\n<img decoding=\"async\" class=\"bde-image2-199-101-199-1 bde-image2 bde-image2-199-101\" src=\"https:\/\/injuryrehabcenters.com\/wp-content\/uploads\/2025\/06\/two-attorneys-and-doctor-friendly-meeting.jpg\" alt=\"Dos abogados y un m\u00e9dico en una reuni\u00f3n amistosa\" loading=\"lazy\" srcset=\"https:\/\/injuryrehabcenters.com\/wp-content\/uploads\/2025\/06\/two-attorneys-and-doctor-friendly-meeting.jpg 1280w, https:\/\/injuryrehabcenters.com\/wp-content\/uploads\/2025\/06\/two-attorneys-and-doctor-friendly-meeting-300x225.jpg 300w, https:\/\/injuryrehabcenters.com\/wp-content\/uploads\/2025\/06\/two-attorneys-and-doctor-friendly-meeting-1024x768.jpg 1024w, https:\/\/injuryrehabcenters.com\/wp-content\/uploads\/2025\/06\/two-attorneys-and-doctor-friendly-meeting-768x576.jpg 768w\" sizes=\"(max-width: 1280px) 100vw, 1280px\"><div class=\"bde-div-199-102-199-1 bde-div bde-div-199-102\">\n  \n  \n\t\n\n\n\n<h1 class=\"bde-heading-199-103-199-1 bde-heading bde-heading-199-103\">\nTrabajar juntos para construir su caso m\u00e1s s\u00f3lido\n<\/h1><div class=\"bde-shortcode-199-107-199-1 bde-shortcode bde-shortcode-199-107\"><nav class=\"breadcrumbs\" aria-label=\"Migas de pan\"><a href=\"https:\/\/injuryrehabcenters.com\/es\/\" class=\"breadcrumb breadcrumb--first\">Inicio<\/a><\/nav><\/div><div class=\"bde-text-199-105-199-1 bde-text bde-text-199-105\">\n<p>Accident and Injury Rehab Center proporciona atenci\u00f3n m\u00e9dica avanzada y documentaci\u00f3n detallada para apoyar las reclamaciones por lesiones personales, ayudando a los abogados a asegurar una compensaci\u00f3n justa. Dirigido por el Dr. Kelly con m\u00e1s de 30 a\u00f1os de experiencia.<\/p>\n\n<\/div><div class=\"bde-globalblock-199-106-199-1 bde-globalblock bde-globalblock-199-106\"><div class=\"bde-div-119-100-199-1-119-1 bde-div bde-div-119-100\">\n  \n  \n\t\n\n\n\n<div class=\"bde-button-119-101-199-1-119-1 bde-button bde-button-119-101\">\n    \n                        \n                        \n    \n    \n    \n    \n            \n                    \n            \n            \n\n    \n    \n    \n    \n    \n    <a class=\"breakdance-link button-atom button-atom--primary bde-button__button\" href=\"\/es\/contacto\/\" target=\"_self\" data-type=\"url\"  >\n\n    \n        <span class=\"button-atom__text\">Contacte con nosotros<\/span>\n\n        \n        \n                <\/a>\n\n    \n\n\n<\/div><div class=\"bde-button-119-102-199-1-119-1 bde-button bde-button-119-102\">\n    \n                        \n                        \n    \n    \n    \n    \n            \n                    \n            \n            \n\n    \n    \n    \n    \n    \n    <a class=\"breakdance-link button-atom button-atom--custom bde-button__button\" href=\"tel:4146439000\" target=\"_self\" data-type=\"url\"  >\n\n    \n        <span class=\"button-atom__text\">(414) 643-9000<\/span>\n\n        \n        \n                <\/a>\n\n    \n\n\n<\/div>\n<\/div><\/div>\n<\/div>\n<\/div><\/div><h2 class=\"bde-heading-257-104 bde-heading\">\nUna atenci\u00f3n que va m\u00e1s all\u00e1 de nuestras puertas\n<\/h2><div class=\"bde-rich-text-257-105 bde-rich-text breakdance-rich-text-styles\">\n<p>En Accident and Injury Rehab Center, reconocemos que la construcci\u00f3n de una fuerte demanda por lesiones personales comienza con un tratamiento m\u00e9dico consistente y completo, junto con una documentaci\u00f3n detallada y precisa. Esto no es s\u00f3lo cr\u00edtico para la salud y la recuperaci\u00f3n de su cliente; es esencial para asegurar la compensaci\u00f3n m\u00e1xima que se merecen.<\/p>\n<p>Con m\u00e1s de 30 a\u00f1os de experiencia, el Dr. Kelly Von-Schilling Worth dirige nuestro equipo en la prestaci\u00f3n de una atenci\u00f3n excepcional adaptada espec\u00edficamente para apoyar los casos de lesiones por accidente de coche. Su profundo conocimiento de c\u00f3mo las compa\u00f1\u00edas de seguros valoran las lesiones, su larga relaci\u00f3n con profesionales del derecho y su amplia experiencia en el desarrollo de clasificaciones de deterioro lo convierten en un recurso inestimable en el proceso de reclamaciones por lesiones.<\/p>\n<\/div><h2 class=\"bde-heading-257-128 bde-heading\">\nPor qu\u00e9 los abogados conf\u00edan en nosotros\n<\/h2><div class=\"bde-rich-text-257-129 bde-rich-text breakdance-rich-text-styles\">\n<p>Entendemos lo mucho que est\u00e1 en juego en las demandas por lesiones personales, y sabemos lo que se necesita para construir un caso convincente. Cuando se trabaja con nuestra cl\u00ednica, usted puede esperar:<\/p>\n<\/div><div class=\"bde-icon-box-257-132 bde-icon-box\">\n\n    \n            <div class=\"ee-iconbox-icon breakdance-icon-atom\" >\n    \n                    <svg xmlns=\"http:\/\/www.w3.org\/2000\/svg\" id=\"icon-pencil2\" viewbox=\"0 0 32 32\">\n<path d=\"M12 20l4-2 14-14-2-2-14 14-2 4zM9.041 27.097c-0.989-2.085-2.052-3.149-4.137-4.137l3.097-8.525 4-2.435 12-12h-6l-12 12-6 20 20-6 12-12v-6l-12 12-2.435 4z\"\/>\n<\/svg>\n        \n        \n        \n            <\/div>\n    \n\n<div class=\"ee-iconbox-content\">\n      <h3 class=\"ee-iconbox-title bde-h3\" >Calificaciones de deterioro exhaustivas y completas<\/h3>\n        <div class=\"ee-iconbox-text\" >El Dr. Kelly tiene una gran experiencia en el desarrollo de las calificaciones de deterioro que reflejan el impacto real de una lesi\u00f3n, ayudando a los abogados a maximizar el valor del caso y los da\u00f1os concedidos a los demandantes.<\/div>\n    <\/div>\n\n<\/div><div class=\"bde-icon-box-257-133 bde-icon-box\">\n\n    \n            <div class=\"ee-iconbox-icon breakdance-icon-atom\" >\n    \n                    <svg xmlns=\"http:\/\/www.w3.org\/2000\/svg\" viewbox=\"0 0 384 512\"><!-- Font Awesome Free 5.15.1 by @fontawesome - https:\/\/fontawesome.com License - https:\/\/fontawesome.com\/license\/free (Icons: CC BY 4.0, Fonts: SIL OFL 1.1, Code: MIT License) --><path d=\"M288 248v28c0 6.6-5.4 12-12 12H108c-6.6 0-12-5.4-12-12v-28c0-6.6 5.4-12 12-12h168c6.6 0 12 5.4 12 12zm-12 72H108c-6.6 0-12 5.4-12 12v28c0 6.6 5.4 12 12 12h168c6.6 0 12-5.4 12-12v-28c0-6.6-5.4-12-12-12zm108-188.1V464c0 26.5-21.5 48-48 48H48c-26.5 0-48-21.5-48-48V48C0 21.5 21.5 0 48 0h204.1C264.8 0 277 5.1 286 14.1L369.9 98c9 8.9 14.1 21.2 14.1 33.9zm-128-80V128h76.1L256 51.9zM336 464V176H232c-13.3 0-24-10.7-24-24V48H48v416h288z\"\/><\/svg>\n        \n        \n        \n            <\/div>\n    \n\n<div class=\"ee-iconbox-content\">\n      <h3 class=\"ee-iconbox-title bde-h3\" >Comprensi\u00f3n de las t\u00e1cticas de seguros<\/h3>\n        <div class=\"ee-iconbox-text\" >El sistema Colossus es muy utilizado para calcular siniestros de coche con su software, pero \u00bfc\u00f3mo funciona?<ul><li>Analiza las reclamaciones por lesiones asignando \"puntos de gravedad\" en funci\u00f3n del tipo de lesi\u00f3n, la duraci\u00f3n del tratamiento y las afecciones preexistentes.<\/li><li>Calcula una horquilla de indemnizaci\u00f3n utilizando puntos de gravedad y factores como la localizaci\u00f3n del accidente y resultados de casos comparables.<\/li><li>Apoya la valoraci\u00f3n de siniestros proporcionando a los peritos una base de datos para determinar las ofertas de liquidaci\u00f3n.<\/li><\/ul><\/div>\n    <\/div>\n\n<\/div><div class=\"bde-rich-text-257-134 bde-rich-text breakdance-rich-text-styles\">\n<p>Desafortunadamente, las compa\u00f1\u00edas de seguros todav\u00eda pueden subestimar las lesiones que cambian la vida, lo que les lleva a utilizar t\u00e1cticas de bola baja al ofrecer un acuerdo. En Accident and Injury Rehab Center, nuestra documentaci\u00f3n cuidadosa y exhaustiva ayuda a respaldar el valor del caso y puede ayudar a su cliente a obtener la compensaci\u00f3n completa y justa a la que tiene derecho por ley.<\/p>\n<p><strong>Atenci\u00f3n al paciente personalizada y compasiva: <\/strong>Cada cliente recibe un plan de tratamiento personalizado adaptado a sus lesiones espec\u00edficas y a sus objetivos de recuperaci\u00f3n. Esto no solo favorece su salud, sino que tambi\u00e9n refuerza la legitimidad y el valor de su reclamaci\u00f3n.<\/p>\n<\/div><div class=\"bde-gallery-257-135 bde-gallery\">\n\n\n  \n\n\n\n\n\n\n\n\n\n\n<div class=\"ee-gallery ee-gallery--default ee-gallery--grid ee-gallery--single ee-gallery--lightbox ee-gallery-- ee-gallery--caption- ee-gallery--caption-none ee-gallery--ratio\">\n                  \n      <a class=\"ee-gallery-item ee-gallery-item--image ee-gallery-item--single\" href=\"https:\/\/injuryrehabcenters.com\/wp-content\/uploads\/2025\/01\/machine-5.jpg\"  data-sub-html=\"<span><\/span>\" data-category=\"1\"                  data-lg-size=\"750-1000\"\n\n      >\n        <figure class=\"ee-gallery-item-figure\">\n                        <img decoding=\"async\" class=\"breakdance-image-object\" src=\"https:\/\/injuryrehabcenters.com\/wp-content\/uploads\/2025\/01\/machine-5.jpg\" width=\"750\" height=\"1000\" srcset=\"https:\/\/injuryrehabcenters.com\/wp-content\/uploads\/2025\/01\/machine-5.jpg 750w, https:\/\/injuryrehabcenters.com\/wp-content\/uploads\/2025\/01\/machine-5-225x300.jpg 225w\" sizes=\"auto, (max-width: 750px) 100vw, 750px\" alt=\"el dr. kelly sobre la m\u00e1quina m\u00e9dica\" loading=\"lazy\">\n          \n                  <\/figure>\n      <\/a>\n\n                \n      <a class=\"ee-gallery-item ee-gallery-item--image ee-gallery-item--single\" href=\"https:\/\/injuryrehabcenters.com\/wp-content\/uploads\/2025\/02\/physical-therapy-weight-training-equipment.jpg\"  data-sub-html=\"<span><\/span>\" data-category=\"1\"                  data-lg-size=\"1280-960\"\n\n      >\n        <figure class=\"ee-gallery-item-figure\">\n                        <img decoding=\"async\" class=\"breakdance-image-object\" src=\"https:\/\/injuryrehabcenters.com\/wp-content\/uploads\/2025\/02\/physical-therapy-weight-training-equipment-1024x768.jpg\" width=\"1024\" height=\"768\" srcset=\"https:\/\/injuryrehabcenters.com\/wp-content\/uploads\/2025\/02\/physical-therapy-weight-training-equipment.jpg 1280w, https:\/\/injuryrehabcenters.com\/wp-content\/uploads\/2025\/02\/physical-therapy-weight-training-equipment-300x225.jpg 300w, https:\/\/injuryrehabcenters.com\/wp-content\/uploads\/2025\/02\/physical-therapy-weight-training-equipment-1024x768.jpg 1024w, https:\/\/injuryrehabcenters.com\/wp-content\/uploads\/2025\/02\/physical-therapy-weight-training-equipment-768x576.jpg 768w\" sizes=\"auto, (max-width: 1280px) 100vw, 1280px\" alt=\"Equipos de musculaci\u00f3n para fisioterapia\" loading=\"lazy\">\n          \n                  <\/figure>\n      <\/a>\n\n                \n      <a class=\"ee-gallery-item ee-gallery-item--image ee-gallery-item--single\" href=\"https:\/\/injuryrehabcenters.com\/wp-content\/uploads\/2025\/02\/rehabilitation-equipment.jpg\"  data-sub-html=\"<span><\/span>\" data-category=\"1\"                  data-lg-size=\"1280-960\"\n\n      >\n        <figure class=\"ee-gallery-item-figure\">\n                        <img decoding=\"async\" class=\"breakdance-image-object\" src=\"https:\/\/injuryrehabcenters.com\/wp-content\/uploads\/2025\/02\/rehabilitation-equipment-1024x768.jpg\" width=\"1024\" height=\"768\" srcset=\"https:\/\/injuryrehabcenters.com\/wp-content\/uploads\/2025\/02\/rehabilitation-equipment.jpg 1280w, https:\/\/injuryrehabcenters.com\/wp-content\/uploads\/2025\/02\/rehabilitation-equipment-300x225.jpg 300w, https:\/\/injuryrehabcenters.com\/wp-content\/uploads\/2025\/02\/rehabilitation-equipment-1024x768.jpg 1024w, https:\/\/injuryrehabcenters.com\/wp-content\/uploads\/2025\/02\/rehabilitation-equipment-768x576.jpg 768w\" sizes=\"auto, (max-width: 1280px) 100vw, 1280px\" alt=\"Equipos de rehabilitaci\u00f3n\" loading=\"lazy\">\n          \n                  <\/figure>\n      <\/a>\n\n                \n      <a class=\"ee-gallery-item ee-gallery-item--image ee-gallery-item--single\" href=\"https:\/\/injuryrehabcenters.com\/wp-content\/uploads\/2025\/02\/IMG_5738-scaled.jpg\"  data-sub-html=\"<span><\/span>\" data-category=\"1\"                  data-lg-size=\"1920-2560\"\n\n      >\n        <figure class=\"ee-gallery-item-figure\">\n                        <img decoding=\"async\" class=\"breakdance-image-object\" src=\"https:\/\/injuryrehabcenters.com\/wp-content\/uploads\/2025\/02\/IMG_5738-768x1024.jpg\" width=\"768\" height=\"1024\" srcset=\"https:\/\/injuryrehabcenters.com\/wp-content\/uploads\/2025\/02\/IMG_5738-scaled.jpg 1920w, https:\/\/injuryrehabcenters.com\/wp-content\/uploads\/2025\/02\/IMG_5738-225x300.jpg 225w, https:\/\/injuryrehabcenters.com\/wp-content\/uploads\/2025\/02\/IMG_5738-768x1024.jpg 768w, https:\/\/injuryrehabcenters.com\/wp-content\/uploads\/2025\/02\/IMG_5738-1152x1536.jpg 1152w, https:\/\/injuryrehabcenters.com\/wp-content\/uploads\/2025\/02\/IMG_5738-1536x2048.jpg 1536w\" sizes=\"auto, (max-width: 1920px) 100vw, 1920px\" alt=\"Tratamiento de fototerapia con l\u00e1ser\" loading=\"lazy\">\n          \n                  <\/figure>\n      <\/a>\n\n                \n      <a class=\"ee-gallery-item ee-gallery-item--image ee-gallery-item--single\" href=\"https:\/\/injuryrehabcenters.com\/wp-content\/uploads\/2025\/01\/airc-unweighing-system.jpg\"  data-sub-html=\"<span><\/span>\" data-category=\"1\"                  data-lg-size=\"1280-960\"\n\n      >\n        <figure class=\"ee-gallery-item-figure\">\n                        <img decoding=\"async\" class=\"breakdance-image-object\" src=\"https:\/\/injuryrehabcenters.com\/wp-content\/uploads\/2025\/01\/airc-unweighing-system-1024x768.jpg\" width=\"1024\" height=\"768\" srcset=\"https:\/\/injuryrehabcenters.com\/wp-content\/uploads\/2025\/01\/airc-unweighing-system.jpg 1280w, https:\/\/injuryrehabcenters.com\/wp-content\/uploads\/2025\/01\/airc-unweighing-system-300x225.jpg 300w, https:\/\/injuryrehabcenters.com\/wp-content\/uploads\/2025\/01\/airc-unweighing-system-1024x768.jpg 1024w, https:\/\/injuryrehabcenters.com\/wp-content\/uploads\/2025\/01\/airc-unweighing-system-768x576.jpg 768w\" sizes=\"auto, (max-width: 1280px) 100vw, 1280px\" alt=\"Cliente recibiendo fisioterapia utilizando un sistema de despesaje\" loading=\"lazy\">\n          \n                  <\/figure>\n      <\/a>\n\n                \n      <a class=\"ee-gallery-item ee-gallery-item--image ee-gallery-item--single\" href=\"https:\/\/injuryrehabcenters.com\/wp-content\/uploads\/2024\/02\/sjim-building.jpg\"  data-sub-html=\"<span><\/span>\" data-category=\"1\"                  data-lg-size=\"2000-1133\"\n\n      >\n        <figure class=\"ee-gallery-item-figure\">\n                        <img decoding=\"async\" class=\"breakdance-image-object\" src=\"https:\/\/injuryrehabcenters.com\/wp-content\/uploads\/2024\/02\/sjim-building-1024x580.jpg\" width=\"1024\" height=\"580\" srcset=\"https:\/\/injuryrehabcenters.com\/wp-content\/uploads\/2024\/02\/sjim-building.jpg 2000w, https:\/\/injuryrehabcenters.com\/wp-content\/uploads\/2024\/02\/sjim-building-300x170.jpg 300w, https:\/\/injuryrehabcenters.com\/wp-content\/uploads\/2024\/02\/sjim-building-1024x580.jpg 1024w, https:\/\/injuryrehabcenters.com\/wp-content\/uploads\/2024\/02\/sjim-building-768x435.jpg 768w, https:\/\/injuryrehabcenters.com\/wp-content\/uploads\/2024\/02\/sjim-building-1536x870.jpg 1536w\" sizes=\"auto, (max-width: 2000px) 100vw, 2000px\" alt=\"Edificio AIRC\" loading=\"lazy\">\n          \n                  <\/figure>\n      <\/a>\n\n      \n  <\/div>\n\n\n\n<\/div><h2 class=\"bde-heading-257-125 bde-heading\">\nSu socio en casos de lesiones personales\n<\/h2><div class=\"bde-rich-text-257-126 bde-rich-text breakdance-rich-text-styles\">\n<p>En Accident and Injury Rehab Center, estamos comprometidos a ser algo m\u00e1s que un proveedor de tratamiento. Somos su socio estrat\u00e9gico en la construcci\u00f3n de un caso fuerte. Trabajamos en estrecha colaboraci\u00f3n con los abogados para asegurar que cada aspecto de la lesi\u00f3n y la recuperaci\u00f3n de su cliente se documenta de forma clara y exhaustiva. Con la amplia experiencia del Dr. Kelly y la dedicaci\u00f3n de nuestro equipo, puede confiar en que sus clientes est\u00e1n en manos de profesionales cualificados y atentos. Nuestro objetivo no es s\u00f3lo ayudar a sus clientes a sanar, sino tambi\u00e9n proporcionar el apoyo necesario para ayudar a construir su caso de lesiones personales m\u00e1s fuerte.<\/p>\n<p>Trabajemos juntos para garantizar que sus clientes reciban la atenci\u00f3n y la indemnizaci\u00f3n que merecen. Para remitir a un cliente o hablar de c\u00f3mo podemos apoyar su caso, p\u00f3ngase en contacto con nosotros hoy mismo.<\/p>\n<\/div><div class=\"bde-globalblock-257-114 bde-globalblock\"><div class=\"bde-grid-118-100-118-1 bde-grid bde-grid-118-100\">\n  \n  \n\t\n\n\n\n<div class=\"bde-div-118-101-118-1 bde-div bde-div-118-101\">\n  \n  \n\t\n\n\n\n<span class=\"bde-text-118-102-118-1 bde-text bde-text-118-102\">\n10K+\n<\/span><span class=\"bde-text-118-103-118-1 bde-text bde-text-118-103\">\nPacientes atendidos\n<\/span>\n<\/div><div class=\"bde-div-118-104-118-1 bde-div bde-div-118-104\">\n  \n  \n\t\n\n\n\n<span class=\"bde-text-118-105-118-1 bde-text bde-text-118-105\">\n35+\n<\/span><span class=\"bde-text-118-106-118-1 bde-text bde-text-118-106\">\nA\u00f1os de experiencia\n<\/span>\n<\/div><div class=\"bde-div-118-107-118-1 bde-div bde-div-118-107\">\n  \n  \n\t\n\n\n\n<span class=\"bde-text-118-108-118-1 bde-text bde-text-118-108\">\n80+\n<\/span><span class=\"bde-text-118-109-118-1 bde-text bde-text-118-109\">\nCr\u00edticas combinadas\n<\/span>\n<\/div><div class=\"bde-div-118-110-118-1 bde-div bde-div-118-110\">\n  \n  \n\t\n\n\n\n<img decoding=\"async\" class=\"bde-image2-118-113-118-1 bde-image2 bde-image2-118-113\" src=\"https:\/\/injuryrehabcenters.com\/wp-content\/uploads\/2024\/02\/AIRC-LOGO.png\" alt=\"Logotipo del Centro de Rehabilitaci\u00f3n de Accidentes y Lesiones\" loading=\"lazy\" srcset=\"https:\/\/injuryrehabcenters.com\/wp-content\/uploads\/2024\/02\/AIRC-LOGO.png 1894w, https:\/\/injuryrehabcenters.com\/wp-content\/uploads\/2024\/02\/AIRC-LOGO-300x115.png 300w, https:\/\/injuryrehabcenters.com\/wp-content\/uploads\/2024\/02\/AIRC-LOGO-1024x391.png 1024w, https:\/\/injuryrehabcenters.com\/wp-content\/uploads\/2024\/02\/AIRC-LOGO-768x293.png 768w, https:\/\/injuryrehabcenters.com\/wp-content\/uploads\/2024\/02\/AIRC-LOGO-1536x586.png 1536w\" sizes=\"(max-width: 1894px) 100vw, 1894px\">\n<\/div>\n<\/div><\/div><\/div>\n<\/section>","protected":false},"excerpt":{"rendered":"<p>Accident and Injury Rehab Center proporciona atenci\u00f3n m\u00e9dica avanzada y documentaci\u00f3n detallada para apoyar las reclamaciones por lesiones personales, ayudando a los abogados a asegurar una compensaci\u00f3n justa. Dirigido por el Dr. Kelly con m\u00e1s de 30 a\u00f1os de experiencia.<\/p>","protected":false},"author":3,"featured_media":258,"parent":0,"menu_order":0,"comment_status":"closed","ping_status":"closed","template":"","meta":{"_acf_changed":false,"slim_seo":{"description":"Atenci\u00f3n m\u00e9dica y documentaci\u00f3n experimentadas para casos de lesiones personales. Con la confianza de los abogados para ayudar a maximizar el valor de la reclamaci\u00f3n y la compensaci\u00f3n del cliente.","title":"Working Together To Build Your Strongest Case - Accident &amp; Injury Rehab Center"},"_breakdance_hide_in_design_set":false,"_breakdance_tags":"","footnotes":""},"class_list":["post-257","page","type-page","status-publish","has-post-thumbnail","hentry"],"acf":[],"_links":{"self":[{"href":"https:\/\/injuryrehabcenters.com\/es\/wp-json\/wp\/v2\/pages\/257","targetHints":{"allow":["GET"]}}],"collection":[{"href":"https:\/\/injuryrehabcenters.com\/es\/wp-json\/wp\/v2\/pages"}],"about":[{"href":"https:\/\/injuryrehabcenters.com\/es\/wp-json\/wp\/v2\/types\/page"}],"author":[{"embeddable":true,"href":"https:\/\/injuryrehabcenters.com\/es\/wp-json\/wp\/v2\/users\/3"}],"replies":[{"embeddable":true,"href":"https:\/\/injuryrehabcenters.com\/es\/wp-json\/wp\/v2\/comments?post=257"}],"version-history":[{"count":0,"href":"https:\/\/injuryrehabcenters.com\/es\/wp-json\/wp\/v2\/pages\/257\/revisions"}],"wp:featuredmedia":[{"embeddable":true,"href":"https:\/\/injuryrehabcenters.com\/es\/wp-json\/wp\/v2\/media\/258"}],"wp:attachment":[{"href":"https:\/\/injuryrehabcenters.com\/es\/wp-json\/wp\/v2\/media?parent=257"}],"curies":[{"name":"wp","href":"https:\/\/api.w.org\/{rel}","templated":true}]}}