{"id":247,"date":"2025-06-09T13:19:33","date_gmt":"2025-06-09T13:19:33","guid":{"rendered":"https:\/\/injuryrehabcenters.com\/?page_id=247"},"modified":"2025-06-09T13:45:43","modified_gmt":"2025-06-09T13:45:43","slug":"nuestra-red","status":"publish","type":"page","link":"https:\/\/injuryrehabcenters.com\/es\/nuestra-red\/","title":{"rendered":"Nuestra red"},"content":{"rendered":"<section class=\"bde-section-247-100 bde-section\">\n  \n  \n\t\n\n\n\n<div class=\"section-container\"><div class=\"bde-globalblock-247-101 bde-globalblock\"><div class=\"bde-grid-199-100-199-1 bde-grid bde-grid-199-100\">\n  \n  \n\t\n\n\n\n<img decoding=\"async\" class=\"bde-image2-199-101-199-1 bde-image2 bde-image2-199-101\" src=\"https:\/\/injuryrehabcenters.com\/wp-content\/uploads\/2025\/06\/group-of-friendly-doctors.jpg\" alt=\"Grupo de m\u00e9dicos amables\" loading=\"lazy\" srcset=\"https:\/\/injuryrehabcenters.com\/wp-content\/uploads\/2025\/06\/group-of-friendly-doctors.jpg 1280w, https:\/\/injuryrehabcenters.com\/wp-content\/uploads\/2025\/06\/group-of-friendly-doctors-300x225.jpg 300w, https:\/\/injuryrehabcenters.com\/wp-content\/uploads\/2025\/06\/group-of-friendly-doctors-1024x768.jpg 1024w, https:\/\/injuryrehabcenters.com\/wp-content\/uploads\/2025\/06\/group-of-friendly-doctors-768x576.jpg 768w\" sizes=\"(max-width: 1280px) 100vw, 1280px\"><div class=\"bde-div-199-102-199-1 bde-div bde-div-199-102\">\n  \n  \n\t\n\n\n\n<h1 class=\"bde-heading-199-103-199-1 bde-heading bde-heading-199-103\">\nNuestra red\n<\/h1><div class=\"bde-shortcode-199-107-199-1 bde-shortcode bde-shortcode-199-107\"><nav class=\"breadcrumbs\" aria-label=\"Migas de pan\"><a href=\"https:\/\/injuryrehabcenters.com\/es\/\" class=\"breadcrumb breadcrumb--first\">Inicio<\/a><\/nav><\/div><div class=\"bde-text-199-105-199-1 bde-text bde-text-199-105\">\n<p>Colaboramos con los mejores proveedores m\u00e9dicos para ofrecer pruebas diagn\u00f3sticas, tratamiento del dolor, coordinaci\u00f3n de intervenciones quir\u00fargicas y mucho m\u00e1s, lo que garantiza una atenci\u00f3n integral y sin fisuras m\u00e1s all\u00e1 de la rehabilitaci\u00f3n.<\/p>\n\n<\/div><div class=\"bde-globalblock-199-106-199-1 bde-globalblock bde-globalblock-199-106\"><div class=\"bde-div-119-100-199-1-119-1 bde-div bde-div-119-100\">\n  \n  \n\t\n\n\n\n<div class=\"bde-button-119-101-199-1-119-1 bde-button bde-button-119-101\">\n    \n                        \n                        \n    \n    \n    \n    \n            \n                    \n            \n            \n\n    \n    \n    \n    \n    \n    <a class=\"breakdance-link button-atom button-atom--primary bde-button__button\" href=\"\/es\/contacto\/\" target=\"_self\" data-type=\"url\"  >\n\n    \n        <span class=\"button-atom__text\">Contacte con nosotros<\/span>\n\n        \n        \n                <\/a>\n\n    \n\n\n<\/div><div class=\"bde-button-119-102-199-1-119-1 bde-button bde-button-119-102\">\n    \n                        \n                        \n    \n    \n    \n    \n            \n                    \n            \n            \n\n    \n    \n    \n    \n    \n    <a class=\"breakdance-link button-atom button-atom--custom bde-button__button\" href=\"tel:4146439000\" target=\"_self\" data-type=\"url\"  >\n\n    \n        <span class=\"button-atom__text\">(414) 643-9000<\/span>\n\n        \n        \n                <\/a>\n\n    \n\n\n<\/div>\n<\/div><\/div>\n<\/div>\n<\/div><\/div><h2 class=\"bde-heading-247-104 bde-heading\">\nUna atenci\u00f3n que va m\u00e1s all\u00e1 de nuestras puertas\n<\/h2><div class=\"bde-rich-text-247-105 bde-rich-text breakdance-rich-text-styles\">\n<p>La recuperaci\u00f3n es m\u00e1s satisfactoria cuando el tratamiento es integral, colaborativo y cuidadosamente adaptado a la lesi\u00f3n de cada paciente. Por eso trabajamos en estrecha colaboraci\u00f3n con una red de confianza de profesionales m\u00e9dicos y proveedores de servicios especializados. Esto garantiza que nuestros pacientes tengan acceso a una gama completa de opciones avanzadas de diagn\u00f3stico, intervenci\u00f3n y cirug\u00eda.<\/p>\n<p>A trav\u00e9s de estas asociaciones de larga data, coordinamos la atenci\u00f3n que se extiende mucho m\u00e1s all\u00e1 de la quiropr\u00e1ctica y la rehabilitaci\u00f3n, proporcionando a nuestros pacientes el beneficio de un enfoque verdaderamente integrado.<\/p>\n<\/div><div class=\"bde-columns-247-117 bde-columns\"><div class=\"bde-column-247-119 bde-column\">\n  \n  \n\t\n\n\n\n<h3 class=\"bde-heading-247-115 bde-heading\">\nServicios m\u00e9dicos integrales disponibles a trav\u00e9s de nuestra red\n<\/h3><div class=\"bde-rich-text-247-116 bde-rich-text breakdance-rich-text-styles\">\n<p>Nuestros socios m\u00e9dicos de confianza apoyan y ampl\u00edan nuestros servicios cl\u00ednicos ofreciendo:<\/p>\n<\/div><div class=\"bde-icon-list-247-106 bde-icon-list bde-preset-8bd03a20-4c30-4a7a-9b69-fc315660a84f bde-icon-list--background\">\n<ul>\n  \n              \n    <li>\n              <div class='bde-icon-list__item-wrapper'>\n      \n      <span class='bde-icon-list__icon'>\n        <svg xmlns=\"http:\/\/www.w3.org\/2000\/svg\" viewbox=\"0 0 320 512\"><!-- Font Awesome Free 5.15.1 by @fontawesome - https:\/\/fontawesome.com License - https:\/\/fontawesome.com\/license\/free (Icons: CC BY 4.0, Fonts: SIL OFL 1.1, Code: MIT License) --><path d=\"M285.476 272.971L91.132 467.314c-9.373 9.373-24.569 9.373-33.941 0l-22.667-22.667c-9.357-9.357-9.375-24.522-.04-33.901L188.505 256 34.484 101.255c-9.335-9.379-9.317-24.544.04-33.901l22.667-22.667c9.373-9.373 24.569-9.373 33.941 0L285.475 239.03c9.373 9.372 9.373 24.568.001 33.941z\"\/><\/svg>\n      <\/span>\n      <span class='bde-icon-list__text' >\n      Pruebas diagn\u00f3sticas (incluidos an\u00e1lisis de sangre, an\u00e1lisis de orina, resonancia magn\u00e9tica y radiograf\u00edas)\n      <\/span>\n              <\/div>\n      \n    <\/li>\n\n  \n              \n    <li>\n              <div class='bde-icon-list__item-wrapper'>\n      \n      <span class='bde-icon-list__icon'>\n        <svg xmlns=\"http:\/\/www.w3.org\/2000\/svg\" viewbox=\"0 0 320 512\"><!-- Font Awesome Free 5.15.1 by @fontawesome - https:\/\/fontawesome.com License - https:\/\/fontawesome.com\/license\/free (Icons: CC BY 4.0, Fonts: SIL OFL 1.1, Code: MIT License) --><path d=\"M285.476 272.971L91.132 467.314c-9.373 9.373-24.569 9.373-33.941 0l-22.667-22.667c-9.357-9.357-9.375-24.522-.04-33.901L188.505 256 34.484 101.255c-9.335-9.379-9.317-24.544.04-33.901l22.667-22.667c9.373-9.373 24.569-9.373 33.941 0L285.475 239.03c9.373 9.372 9.373 24.568.001 33.941z\"\/><\/svg>\n      <\/span>\n      <span class='bde-icon-list__text' >\n      Gesti\u00f3n de la medicaci\u00f3n con receta\n      <\/span>\n              <\/div>\n      \n    <\/li>\n\n  \n              \n    <li>\n              <div class='bde-icon-list__item-wrapper'>\n      \n      <span class='bde-icon-list__icon'>\n        <svg xmlns=\"http:\/\/www.w3.org\/2000\/svg\" viewbox=\"0 0 320 512\"><!-- Font Awesome Free 5.15.1 by @fontawesome - https:\/\/fontawesome.com License - https:\/\/fontawesome.com\/license\/free (Icons: CC BY 4.0, Fonts: SIL OFL 1.1, Code: MIT License) --><path d=\"M285.476 272.971L91.132 467.314c-9.373 9.373-24.569 9.373-33.941 0l-22.667-22.667c-9.357-9.357-9.375-24.522-.04-33.901L188.505 256 34.484 101.255c-9.335-9.379-9.317-24.544.04-33.901l22.667-22.667c9.373-9.373 24.569-9.373 33.941 0L285.475 239.03c9.373 9.372 9.373 24.568.001 33.941z\"\/><\/svg>\n      <\/span>\n      <span class='bde-icon-list__text' >\n      Servicios de tratamiento del dolor (incluidas las inyecciones epidurales de esteroides, la ablaci\u00f3n por radiofrecuencia y los bloqueos nerviosos selectivos).\n      <\/span>\n              <\/div>\n      \n    <\/li>\n\n  \n              \n    <li>\n              <div class='bde-icon-list__item-wrapper'>\n      \n      <span class='bde-icon-list__icon'>\n        <svg xmlns=\"http:\/\/www.w3.org\/2000\/svg\" viewbox=\"0 0 320 512\"><!-- Font Awesome Free 5.15.1 by @fontawesome - https:\/\/fontawesome.com License - https:\/\/fontawesome.com\/license\/free (Icons: CC BY 4.0, Fonts: SIL OFL 1.1, Code: MIT License) --><path d=\"M285.476 272.971L91.132 467.314c-9.373 9.373-24.569 9.373-33.941 0l-22.667-22.667c-9.357-9.357-9.375-24.522-.04-33.901L188.505 256 34.484 101.255c-9.335-9.379-9.317-24.544.04-33.901l22.667-22.667c9.373-9.373 24.569-9.373 33.941 0L285.475 239.03c9.373 9.372 9.373 24.568.001 33.941z\"\/><\/svg>\n      <\/span>\n      <span class='bde-icon-list__text' >\n      Derivaci\u00f3n a especialistas y coordinaci\u00f3n quir\u00fargica (incluyendo cirug\u00edas tanto de columna como de extremidades cuando sea necesario).\n      <\/span>\n              <\/div>\n      \n    <\/li>\n\n  \n              \n    <li>\n              <div class='bde-icon-list__item-wrapper'>\n      \n      <span class='bde-icon-list__icon'>\n        <svg xmlns=\"http:\/\/www.w3.org\/2000\/svg\" viewbox=\"0 0 320 512\"><!-- Font Awesome Free 5.15.1 by @fontawesome - https:\/\/fontawesome.com License - https:\/\/fontawesome.com\/license\/free (Icons: CC BY 4.0, Fonts: SIL OFL 1.1, Code: MIT License) --><path d=\"M285.476 272.971L91.132 467.314c-9.373 9.373-24.569 9.373-33.941 0l-22.667-22.667c-9.357-9.357-9.375-24.522-.04-33.901L188.505 256 34.484 101.255c-9.335-9.379-9.317-24.544.04-33.901l22.667-22.667c9.373-9.373 24.569-9.373 33.941 0L285.475 239.03c9.373 9.372 9.373 24.568.001 33.941z\"\/><\/svg>\n      <\/span>\n      <span class='bde-icon-list__text' >\n      Pruebas de neurodiagn\u00f3stico como la VCN (velocidad de conducci\u00f3n nerviosa) y la EMG (electromiograf\u00eda)\n      <\/span>\n              <\/div>\n      \n    <\/li>\n\n  \n              \n    <li>\n              <div class='bde-icon-list__item-wrapper'>\n      \n      <span class='bde-icon-list__icon'>\n        <svg xmlns=\"http:\/\/www.w3.org\/2000\/svg\" viewbox=\"0 0 320 512\"><!-- Font Awesome Free 5.15.1 by @fontawesome - https:\/\/fontawesome.com License - https:\/\/fontawesome.com\/license\/free (Icons: CC BY 4.0, Fonts: SIL OFL 1.1, Code: MIT License) --><path d=\"M285.476 272.971L91.132 467.314c-9.373 9.373-24.569 9.373-33.941 0l-22.667-22.667c-9.357-9.357-9.375-24.522-.04-33.901L188.505 256 34.484 101.255c-9.335-9.379-9.317-24.544.04-33.901l22.667-22.667c9.373-9.373 24.569-9.373 33.941 0L285.475 239.03c9.373 9.372 9.373 24.568.001 33.941z\"\/><\/svg>\n      <\/span>\n      <span class='bde-icon-list__text' >\n      Servicios ortop\u00e9dicos y quir\u00fargicos\n      <\/span>\n              <\/div>\n      \n    <\/li>\n\n  <\/ul>\n\n<\/div>\n<\/div><div class=\"bde-column-247-118 bde-column\">\n  \n  \n\t\n\n\n\n<h3 class=\"bde-heading-247-120 bde-heading\">\nAcceso a conocimientos m\u00e9dicos especializados\n<\/h3><div class=\"bde-rich-text-247-121 bde-rich-text breakdance-rich-text-styles\">\n<p>Entre los m\u00e9dicos con los que nos coordinamos se incluyen:<\/p>\n<\/div><div class=\"bde-icon-list-247-124 bde-icon-list bde-preset-8bd03a20-4c30-4a7a-9b69-fc315660a84f bde-icon-list--background\">\n<ul>\n  \n              \n    <li>\n              <div class='bde-icon-list__item-wrapper'>\n      \n      <span class='bde-icon-list__icon'>\n        <svg xmlns=\"http:\/\/www.w3.org\/2000\/svg\" viewbox=\"0 0 320 512\"><!-- Font Awesome Free 5.15.1 by @fontawesome - https:\/\/fontawesome.com License - https:\/\/fontawesome.com\/license\/free (Icons: CC BY 4.0, Fonts: SIL OFL 1.1, Code: MIT License) --><path d=\"M285.476 272.971L91.132 467.314c-9.373 9.373-24.569 9.373-33.941 0l-22.667-22.667c-9.357-9.357-9.375-24.522-.04-33.901L188.505 256 34.484 101.255c-9.335-9.379-9.317-24.544.04-33.901l22.667-22.667c9.373-9.373 24.569-9.373 33.941 0L285.475 239.03c9.373 9.372 9.373 24.568.001 33.941z\"\/><\/svg>\n      <\/span>\n      <span class='bde-icon-list__text' >\n      Cirujanos Ortop\u00e9dicos especializados en: Lesiones de Mu\u00f1eca y Mano, Lesiones de Hombro, Codo, Rodilla y Cadera, y Pie y Tobillo.<br>\n      <\/span>\n              <\/div>\n      \n    <\/li>\n\n  \n              \n    <li>\n              <div class='bde-icon-list__item-wrapper'>\n      \n      <span class='bde-icon-list__icon'>\n        <svg xmlns=\"http:\/\/www.w3.org\/2000\/svg\" viewbox=\"0 0 320 512\"><!-- Font Awesome Free 5.15.1 by @fontawesome - https:\/\/fontawesome.com License - https:\/\/fontawesome.com\/license\/free (Icons: CC BY 4.0, Fonts: SIL OFL 1.1, Code: MIT License) --><path d=\"M285.476 272.971L91.132 467.314c-9.373 9.373-24.569 9.373-33.941 0l-22.667-22.667c-9.357-9.357-9.375-24.522-.04-33.901L188.505 256 34.484 101.255c-9.335-9.379-9.317-24.544.04-33.901l22.667-22.667c9.373-9.373 24.569-9.373 33.941 0L285.475 239.03c9.373 9.372 9.373 24.568.001 33.941z\"\/><\/svg>\n      <\/span>\n      <span class='bde-icon-list__text' >\n      Especialistas en tratamiento del dolor con experiencia en: Afecciones de cuello y espalda, procedimientos intervencionistas y pruebas y tratamientos neurol\u00f3gicos del dolor.\n      <\/span>\n              <\/div>\n      \n    <\/li>\n\n  \n              \n    <li>\n              <div class='bde-icon-list__item-wrapper'>\n      \n      <span class='bde-icon-list__icon'>\n        <svg xmlns=\"http:\/\/www.w3.org\/2000\/svg\" viewbox=\"0 0 320 512\"><!-- Font Awesome Free 5.15.1 by @fontawesome - https:\/\/fontawesome.com License - https:\/\/fontawesome.com\/license\/free (Icons: CC BY 4.0, Fonts: SIL OFL 1.1, Code: MIT License) --><path d=\"M285.476 272.971L91.132 467.314c-9.373 9.373-24.569 9.373-33.941 0l-22.667-22.667c-9.357-9.357-9.375-24.522-.04-33.901L188.505 256 34.484 101.255c-9.335-9.379-9.317-24.544.04-33.901l22.667-22.667c9.373-9.373 24.569-9.373 33.941 0L285.475 239.03c9.373 9.372 9.373 24.568.001 33.941z\"\/><\/svg>\n      <\/span>\n      <span class='bde-icon-list__text' >\n      Neurocirujanos colegiados\n      <\/span>\n              <\/div>\n      \n    <\/li>\n\n  \n              \n    <li>\n              <div class='bde-icon-list__item-wrapper'>\n      \n      <span class='bde-icon-list__icon'>\n        <svg xmlns=\"http:\/\/www.w3.org\/2000\/svg\" viewbox=\"0 0 320 512\"><!-- Font Awesome Free 5.15.1 by @fontawesome - https:\/\/fontawesome.com License - https:\/\/fontawesome.com\/license\/free (Icons: CC BY 4.0, Fonts: SIL OFL 1.1, Code: MIT License) --><path d=\"M285.476 272.971L91.132 467.314c-9.373 9.373-24.569 9.373-33.941 0l-22.667-22.667c-9.357-9.357-9.375-24.522-.04-33.901L188.505 256 34.484 101.255c-9.335-9.379-9.317-24.544.04-33.901l22.667-22.667c9.373-9.373 24.569-9.373 33.941 0L285.475 239.03c9.373 9.372 9.373 24.568.001 33.941z\"\/><\/svg>\n      <\/span>\n      <span class='bde-icon-list__text' >\n      Radi\u00f3logos que interpretan todos los estudios de IRM de los pacientes (en colaboraci\u00f3n con dos centros de IRM cercanos situados a unos 15 minutos de nuestra cl\u00ednica).\n      <\/span>\n              <\/div>\n      \n    <\/li>\n\n  \n              \n    <li>\n              <div class='bde-icon-list__item-wrapper'>\n      \n      <span class='bde-icon-list__icon'>\n        <svg xmlns=\"http:\/\/www.w3.org\/2000\/svg\" viewbox=\"0 0 320 512\"><!-- Font Awesome Free 5.15.1 by @fontawesome - https:\/\/fontawesome.com License - https:\/\/fontawesome.com\/license\/free (Icons: CC BY 4.0, Fonts: SIL OFL 1.1, Code: MIT License) --><path d=\"M285.476 272.971L91.132 467.314c-9.373 9.373-24.569 9.373-33.941 0l-22.667-22.667c-9.357-9.357-9.375-24.522-.04-33.901L188.505 256 34.484 101.255c-9.335-9.379-9.317-24.544.04-33.901l22.667-22.667c9.373-9.373 24.569-9.373 33.941 0L285.475 239.03c9.373 9.372 9.373 24.568.001 33.941z\"\/><\/svg>\n      <\/span>\n      <span class='bde-icon-list__text' >\n      Profesionales del Centro Quir\u00fargico Ambulatorio (situado fuera de las instalaciones y de f\u00e1cil acceso para nuestros pacientes)\n      <\/span>\n              <\/div>\n      \n    <\/li>\n\n  <\/ul>\n\n<\/div>\n<\/div><\/div><h2 class=\"bde-heading-247-125 bde-heading\">\nUna red de proveedores de confianza en el Centro de Rehabilitaci\u00f3n de Accidentes y Lesiones\n<\/h2><div class=\"bde-rich-text-247-126 bde-rich-text breakdance-rich-text-styles\">\n<p>Muchos pacientes que se recuperan de lesiones automovil\u00edsticas, accidentes laborales u otros traumatismos requieren m\u00e1s de un tipo de atenci\u00f3n. Al trabajar en estrecha coordinaci\u00f3n con estos profesionales experimentados, ayudamos a garantizar diagn\u00f3sticos m\u00e1s r\u00e1pidos, planes de tratamiento m\u00e1s informados y mejores resultados. Usted recibe una atenci\u00f3n sin fisuras que salva la distancia entre la rehabilitaci\u00f3n y la intervenci\u00f3n m\u00e9dica, sin tener que recorrer ese camino en solitario.<\/p>\n<p>Si su plan de recuperaci\u00f3n requiere estos servicios avanzados, haremos que el proceso sea lo m\u00e1s f\u00e1cil y accesible posible. Coordinaremos las citas, compartiremos los historiales y colaboraremos estrechamente con nuestra red para asegurarnos de que recibe la atenci\u00f3n que necesita, cuando la necesita.<\/p>\n<\/div><div class=\"bde-globalblock-247-127 bde-globalblock\"><div class=\"bde-div-130-100-130-1 bde-div bde-div-130-100\">\n  \n  \n\t\n\n\n\n<div class=\"bde-button-130-101-130-1 bde-button bde-button-130-101\">\n    \n                        \n                        \n    \n    \n    \n    \n            \n                    \n            \n            \n\n    \n    \n    \n    \n    \n    <a class=\"breakdance-link button-atom button-atom--primary bde-button__button\" href=\"https:\/\/injuryrehabcenters.com\/es\/contacto\/\" target=\"_self\" data-type=\"url\"  >\n\n    \n        <span class=\"button-atom__text\">Contacte con nosotros<\/span>\n\n        \n        \n                <\/a>\n\n    \n\n\n<\/div><div class=\"bde-button-130-102-130-1 bde-button bde-button-130-102\">\n    \n                        \n                        \n    \n    \n    \n    \n            \n                    \n            \n            \n\n    \n    \n    \n    \n    \n    <a class=\"breakdance-link button-atom button-atom--custom bde-button__button\" href=\"tel:4146439000\" target=\"_self\" data-type=\"url\"  >\n\n    \n        <span class=\"button-atom__text\">(414) 643-9000<\/span>\n\n        \n        \n                <\/a>\n\n    \n\n\n<\/div>\n<\/div><\/div><div class=\"bde-globalblock-247-114 bde-globalblock\"><div class=\"bde-grid-118-100-118-1 bde-grid bde-grid-118-100\">\n  \n  \n\t\n\n\n\n<div class=\"bde-div-118-101-118-1 bde-div bde-div-118-101\">\n  \n  \n\t\n\n\n\n<span class=\"bde-text-118-102-118-1 bde-text bde-text-118-102\">\n10K+\n<\/span><span class=\"bde-text-118-103-118-1 bde-text bde-text-118-103\">\nPacientes atendidos\n<\/span>\n<\/div><div class=\"bde-div-118-104-118-1 bde-div bde-div-118-104\">\n  \n  \n\t\n\n\n\n<span class=\"bde-text-118-105-118-1 bde-text bde-text-118-105\">\n35+\n<\/span><span class=\"bde-text-118-106-118-1 bde-text bde-text-118-106\">\nA\u00f1os de experiencia\n<\/span>\n<\/div><div class=\"bde-div-118-107-118-1 bde-div bde-div-118-107\">\n  \n  \n\t\n\n\n\n<span class=\"bde-text-118-108-118-1 bde-text bde-text-118-108\">\n80+\n<\/span><span class=\"bde-text-118-109-118-1 bde-text bde-text-118-109\">\nCr\u00edticas combinadas\n<\/span>\n<\/div><div class=\"bde-div-118-110-118-1 bde-div bde-div-118-110\">\n  \n  \n\t\n\n\n\n<img decoding=\"async\" class=\"bde-image2-118-113-118-1 bde-image2 bde-image2-118-113\" src=\"https:\/\/injuryrehabcenters.com\/wp-content\/uploads\/2024\/02\/AIRC-LOGO.png\" alt=\"Logotipo del Centro de Rehabilitaci\u00f3n de Accidentes y Lesiones\" loading=\"lazy\" srcset=\"https:\/\/injuryrehabcenters.com\/wp-content\/uploads\/2024\/02\/AIRC-LOGO.png 1894w, https:\/\/injuryrehabcenters.com\/wp-content\/uploads\/2024\/02\/AIRC-LOGO-300x115.png 300w, https:\/\/injuryrehabcenters.com\/wp-content\/uploads\/2024\/02\/AIRC-LOGO-1024x391.png 1024w, https:\/\/injuryrehabcenters.com\/wp-content\/uploads\/2024\/02\/AIRC-LOGO-768x293.png 768w, https:\/\/injuryrehabcenters.com\/wp-content\/uploads\/2024\/02\/AIRC-LOGO-1536x586.png 1536w\" sizes=\"(max-width: 1894px) 100vw, 1894px\">\n<\/div>\n<\/div><\/div><\/div>\n<\/section>","protected":false},"excerpt":{"rendered":"<p>Colaboramos con los mejores proveedores m\u00e9dicos para ofrecer pruebas diagn\u00f3sticas, tratamiento del dolor, coordinaci\u00f3n de intervenciones quir\u00fargicas y mucho m\u00e1s, lo que garantiza una atenci\u00f3n integral y sin fisuras m\u00e1s all\u00e1 de la rehabilitaci\u00f3n.<\/p>","protected":false},"author":3,"featured_media":251,"parent":0,"menu_order":0,"comment_status":"closed","ping_status":"closed","template":"","meta":{"_acf_changed":false,"slim_seo":{"description":"Coordinamos el diagn\u00f3stico avanzado, el tratamiento del dolor y la atenci\u00f3n quir\u00fargica a trav\u00e9s de una red de confianza, ampliando el tratamiento m\u00e1s all\u00e1 de la rehabilitaci\u00f3n.","title":"Our Network - Accident &amp; Injury Rehab Center"},"_breakdance_hide_in_design_set":false,"_breakdance_tags":"","footnotes":""},"class_list":["post-247","page","type-page","status-publish","has-post-thumbnail","hentry"],"acf":[],"_links":{"self":[{"href":"https:\/\/injuryrehabcenters.com\/es\/wp-json\/wp\/v2\/pages\/247","targetHints":{"allow":["GET"]}}],"collection":[{"href":"https:\/\/injuryrehabcenters.com\/es\/wp-json\/wp\/v2\/pages"}],"about":[{"href":"https:\/\/injuryrehabcenters.com\/es\/wp-json\/wp\/v2\/types\/page"}],"author":[{"embeddable":true,"href":"https:\/\/injuryrehabcenters.com\/es\/wp-json\/wp\/v2\/users\/3"}],"replies":[{"embeddable":true,"href":"https:\/\/injuryrehabcenters.com\/es\/wp-json\/wp\/v2\/comments?post=247"}],"version-history":[{"count":0,"href":"https:\/\/injuryrehabcenters.com\/es\/wp-json\/wp\/v2\/pages\/247\/revisions"}],"wp:featuredmedia":[{"embeddable":true,"href":"https:\/\/injuryrehabcenters.com\/es\/wp-json\/wp\/v2\/media\/251"}],"wp:attachment":[{"href":"https:\/\/injuryrehabcenters.com\/es\/wp-json\/wp\/v2\/media?parent=247"}],"curies":[{"name":"wp","href":"https:\/\/api.w.org\/{rel}","templated":true}]}}