{"id":197,"date":"2025-02-21T16:15:45","date_gmt":"2025-02-21T16:15:45","guid":{"rendered":"https:\/\/injuryrehabcenters.com\/?page_id=197"},"modified":"2025-02-21T16:16:27","modified_gmt":"2025-02-21T16:16:27","slug":"pagos-aceptados","status":"publish","type":"page","link":"https:\/\/injuryrehabcenters.com\/es\/pagos-aceptados\/","title":{"rendered":"Pagos aceptados por Accident and Injury Rehab Center"},"content":{"rendered":"<section class=\"bde-section-197-100 bde-section\">\n              \n  \n  \n\t\n\n\n\n<div class=\"section-container\"><div class=\"bde-columns-197-101 bde-columns\"><div class=\"bde-column-197-102 bde-column\">\n  \n  \n\t\n\n\n\n<img decoding=\"async\" class=\"bde-image2-197-103 bde-image2 bde-preset-c0ea89c7-eb5b-4cc2-98f0-ea6211ac6203\" src=\"https:\/\/injuryrehabcenters.com\/wp-content\/uploads\/2025\/02\/physical-therapy-for-arm-injury.jpg\" alt=\"tratamiento de fisioterapia para lesiones de brazo\" loading=\"lazy\" srcset=\"https:\/\/injuryrehabcenters.com\/wp-content\/uploads\/2025\/02\/physical-therapy-for-arm-injury.jpg 1280w, https:\/\/injuryrehabcenters.com\/wp-content\/uploads\/2025\/02\/physical-therapy-for-arm-injury-300x225.jpg 300w, https:\/\/injuryrehabcenters.com\/wp-content\/uploads\/2025\/02\/physical-therapy-for-arm-injury-1024x768.jpg 1024w, https:\/\/injuryrehabcenters.com\/wp-content\/uploads\/2025\/02\/physical-therapy-for-arm-injury-768x576.jpg 768w\" sizes=\"(max-width: 1280px) 100vw, 1280px\">\n<\/div><div class=\"bde-column-197-104 bde-column\">\n  \n  \n\t\n\n\n\n<div class=\"bde-div-197-105 bde-div\">\n  \n  \n\t\n\n\n\n<span class=\"bde-text-197-106 bde-text bde-preset-6db5aaf0-530a-4871-8ecb-17dbe963bc89\">\n\u00bfQUI\u00c9N PAGA SU TRATAMIENTO?\n<\/span><h1 class=\"bde-heading-197-107 bde-heading bde-preset-5f7d7a0b-ed72-4fda-b2b3-8ddeb1c9fb67\">\nPagos\n<\/h1><p class=\"bde-text-197-108 bde-text\">\nAverig\u00fce cu\u00e1les son las opciones de pago disponibles despu\u00e9s de haberse visto implicado en un caso de lesiones personales.\n<\/p><div class=\"bde-globalblock-197-109 bde-globalblock\"><div class=\"bde-div-119-100-119-1 bde-div bde-div-119-100\">\n  \n  \n\t\n\n\n\n<div class=\"bde-button-119-101-119-1 bde-button bde-button-119-101\">\n    \n                        \n                        \n    \n    \n    \n    \n            \n                    \n            \n            \n\n    \n    \n    \n    \n    \n    <a class=\"breakdance-link button-atom button-atom--primary bde-button__button\" href=\"\/es\/contacto\/\" target=\"_self\" data-type=\"url\"  >\n\n    \n        <span class=\"button-atom__text\">Contacte con nosotros<\/span>\n\n        \n        \n                <\/a>\n\n    \n\n\n<\/div><div class=\"bde-button-119-102-119-1 bde-button bde-button-119-102\">\n    \n                        \n                        \n    \n    \n    \n    \n            \n                    \n            \n            \n\n    \n    \n    \n    \n    \n    <a class=\"breakdance-link button-atom button-atom--custom bde-button__button\" href=\"tel:4146439000\" target=\"_self\" data-type=\"url\"  >\n\n    \n        <span class=\"button-atom__text\">(414) 643-9000<\/span>\n\n        \n        \n                <\/a>\n\n    \n\n\n<\/div>\n<\/div><\/div>\n<\/div>\n<\/div><\/div><\/div>\n<\/section><section class=\"bde-section-197-110 bde-section\">\n  \n  \n\t\n\n\n\n<div class=\"section-container\"><div class=\"bde-columns-197-111 bde-columns\"><div class=\"bde-column-197-112 bde-column\">\n  \n  \n\t\n\n\n\n<h2 class=\"bde-heading-197-119 bde-heading\">\nPagos aceptados\n<\/h2><div class=\"bde-rich-text-197-120 bde-rich-text breakdance-rich-text-styles\">\n<p><strong><u>MED-PAY<\/u><\/strong> - Si ha sufrido lesiones en un accidente de coche en el que conduc\u00eda y tiene un seguro de autom\u00f3vil, lo m\u00e1s probable es que tenga un seguro de autom\u00f3vil. La cobertura suele oscilar entre $5.000 y $10.000 euros. Se trata de una cobertura limitada que te ayuda a recibir atenci\u00f3n de urgencia e incluso te deja algo de dinero para visitas m\u00e9dicas de seguimiento, resonancias magn\u00e9ticas y otros tipos de diagn\u00f3stico por imagen, etc\u00e9tera. Tambi\u00e9n puede utilizar el Med-Pay o seguro de cobertura m\u00e9dica si es pasajero en un veh\u00edculo y conduc\u00eda otra persona. Si el conductor del veh\u00edculo en el que se lesion\u00f3 tiene seguro de coche, es probable que tenga cobertura m\u00e9dica o Med-Pay para que reciba tratamiento hasta el importe de la p\u00f3liza.<\/p>\n\n<p><strong><u>MOTORISTA SIN SEGURO <\/u><\/strong>- Si usted estuvo en un accidente y el conductor se dio a la fuga, o no tiene ning\u00fan seguro, usted ser\u00eda capaz de utilizar su p\u00f3liza de motorista sin seguro. Usted terminar\u00eda con su cuidado en nuestra oficina, y entonces discutir\u00eda las cuentas con su ajustador y un arreglo. Le pedimos que usted tiene un abogado para que esto ocurra, ya que puede ser muy complicado y que la mayor\u00eda de las veces, terminan con mucho menos que si usted acaba de contratar a un abogado para navegar a trav\u00e9s de algunas de estas complejidades. Generalmente hablando, usted comenzar\u00eda con su pol\u00edtica de Med-Pay sin embargo, si eso es agotado y no hab\u00eda otro seguro en el otro conductor, entonces usted podr\u00eda utilizar esto pero otra vez, nosotros sugerimos que usted contrate a un buen abogado que se especializa con casos personales de herida.<\/p>\n\n<p><strong><u>Carta de protecci\u00f3n y grav\u00e1menes firmados<\/u><\/strong>- La \"Carta de Protecci\u00f3n\" es lo que requerimos si usted planea venir a nuestras instalaciones para recibir tratamiento y cuidados adicionales. La LOP nos protege hasta cierto punto y le protege a usted tambi\u00e9n. En los acontecimientos que el caso se asienta, el abogado en el expediente o \"su abogado\" nos enviar\u00e1 el pago despu\u00e9s de que todas las cuentas m\u00e9dicas sean negociadas con qu\u00e9 establecimiento ha sido ofrecido por el seguro de los partidos culpables. El abogado enviar\u00e1 el cheque directamente a nosotros despu\u00e9s de su consentimiento y aceptaci\u00f3n del acuerdo. Necesitaremos el LOP antes de que usted comience el tratamiento en nuestra facilidad y se requiere para todos.<\/p>\n<\/div>\n<\/div><div class=\"bde-column-197-113 bde-column\">\n  \n  \n\t\n\n\n\n<h2 class=\"bde-heading-197-118 bde-heading\">\nPagos no aceptados\n<\/h2><div class=\"bde-icon-list-197-117 bde-icon-list bde-preset-8bd03a20-4c30-4a7a-9b69-fc315660a84f bde-icon-list--background\">\n<ul>\n  \n              \n    <li>\n              <div class='bde-icon-list__item-wrapper'>\n      \n      <span class='bde-icon-list__icon'>\n        <svg xmlns=\"http:\/\/www.w3.org\/2000\/svg\" viewbox=\"0 0 256 512\"><!-- Font Awesome Free 5.15.1 by @fontawesome - https:\/\/fontawesome.com License - https:\/\/fontawesome.com\/license\/free (Icons: CC BY 4.0, Fonts: SIL OFL 1.1, Code: MIT License) --><path d=\"M224.3 273l-136 136c-9.4 9.4-24.6 9.4-33.9 0l-22.6-22.6c-9.4-9.4-9.4-24.6 0-33.9l96.4-96.4-96.4-96.4c-9.4-9.4-9.4-24.6 0-33.9L54.3 103c9.4-9.4 24.6-9.4 33.9 0l136 136c9.5 9.4 9.5 24.6.1 34z\"\/><\/svg>\n      <\/span>\n      <span class='bde-icon-list__text' >\n      Medicare\n      <\/span>\n              <\/div>\n      \n    <\/li>\n\n  \n              \n    <li>\n              <div class='bde-icon-list__item-wrapper'>\n      \n      <span class='bde-icon-list__icon'>\n        <svg xmlns=\"http:\/\/www.w3.org\/2000\/svg\" viewbox=\"0 0 256 512\"><!-- Font Awesome Free 5.15.1 by @fontawesome - https:\/\/fontawesome.com License - https:\/\/fontawesome.com\/license\/free (Icons: CC BY 4.0, Fonts: SIL OFL 1.1, Code: MIT License) --><path d=\"M224.3 273l-136 136c-9.4 9.4-24.6 9.4-33.9 0l-22.6-22.6c-9.4-9.4-9.4-24.6 0-33.9l96.4-96.4-96.4-96.4c-9.4-9.4-9.4-24.6 0-33.9L54.3 103c9.4-9.4 24.6-9.4 33.9 0l136 136c9.5 9.4 9.5 24.6.1 34z\"\/><\/svg>\n      <\/span>\n      <span class='bde-icon-list__text' >\n      Medicaid\n      <\/span>\n              <\/div>\n      \n    <\/li>\n\n  \n              \n    <li>\n              <div class='bde-icon-list__item-wrapper'>\n      \n      <span class='bde-icon-list__icon'>\n        <svg xmlns=\"http:\/\/www.w3.org\/2000\/svg\" viewbox=\"0 0 256 512\"><!-- Font Awesome Free 5.15.1 by @fontawesome - https:\/\/fontawesome.com License - https:\/\/fontawesome.com\/license\/free (Icons: CC BY 4.0, Fonts: SIL OFL 1.1, Code: MIT License) --><path d=\"M224.3 273l-136 136c-9.4 9.4-24.6 9.4-33.9 0l-22.6-22.6c-9.4-9.4-9.4-24.6 0-33.9l96.4-96.4-96.4-96.4c-9.4-9.4-9.4-24.6 0-33.9L54.3 103c9.4-9.4 24.6-9.4 33.9 0l136 136c9.5 9.4 9.5 24.6.1 34z\"\/><\/svg>\n      <\/span>\n      <span class='bde-icon-list__text' >\n      Efectivo*\n      <\/span>\n              <\/div>\n      \n    <\/li>\n\n  \n              \n    <li>\n              <div class='bde-icon-list__item-wrapper'>\n      \n      <span class='bde-icon-list__icon'>\n        <svg xmlns=\"http:\/\/www.w3.org\/2000\/svg\" viewbox=\"0 0 256 512\"><!-- Font Awesome Free 5.15.1 by @fontawesome - https:\/\/fontawesome.com License - https:\/\/fontawesome.com\/license\/free (Icons: CC BY 4.0, Fonts: SIL OFL 1.1, Code: MIT License) --><path d=\"M224.3 273l-136 136c-9.4 9.4-24.6 9.4-33.9 0l-22.6-22.6c-9.4-9.4-9.4-24.6 0-33.9l96.4-96.4-96.4-96.4c-9.4-9.4-9.4-24.6 0-33.9L54.3 103c9.4-9.4 24.6-9.4 33.9 0l136 136c9.5 9.4 9.5 24.6.1 34z\"\/><\/svg>\n      <\/span>\n      <span class='bde-icon-list__text' >\n      Tarjetas de cr\u00e9dito\n      <\/span>\n              <\/div>\n      \n    <\/li>\n\n  \n              \n    <li>\n              <div class='bde-icon-list__item-wrapper'>\n      \n      <span class='bde-icon-list__icon'>\n        <svg xmlns=\"http:\/\/www.w3.org\/2000\/svg\" viewbox=\"0 0 256 512\"><!-- Font Awesome Free 5.15.1 by @fontawesome - https:\/\/fontawesome.com License - https:\/\/fontawesome.com\/license\/free (Icons: CC BY 4.0, Fonts: SIL OFL 1.1, Code: MIT License) --><path d=\"M224.3 273l-136 136c-9.4 9.4-24.6 9.4-33.9 0l-22.6-22.6c-9.4-9.4-9.4-24.6 0-33.9l96.4-96.4-96.4-96.4c-9.4-9.4-9.4-24.6 0-33.9L54.3 103c9.4-9.4 24.6-9.4 33.9 0l136 136c9.5 9.4 9.5 24.6.1 34z\"\/><\/svg>\n      <\/span>\n      <span class='bde-icon-list__text' >\n      Consulte\n      <\/span>\n              <\/div>\n      \n    <\/li>\n\n  \n              \n    <li>\n              <div class='bde-icon-list__item-wrapper'>\n      \n      <span class='bde-icon-list__icon'>\n        <svg xmlns=\"http:\/\/www.w3.org\/2000\/svg\" viewbox=\"0 0 256 512\"><!-- Font Awesome Free 5.15.1 by @fontawesome - https:\/\/fontawesome.com License - https:\/\/fontawesome.com\/license\/free (Icons: CC BY 4.0, Fonts: SIL OFL 1.1, Code: MIT License) --><path d=\"M224.3 273l-136 136c-9.4 9.4-24.6 9.4-33.9 0l-22.6-22.6c-9.4-9.4-9.4-24.6 0-33.9l96.4-96.4-96.4-96.4c-9.4-9.4-9.4-24.6 0-33.9L54.3 103c9.4-9.4 24.6-9.4 33.9 0l136 136c9.5 9.4 9.5 24.6.1 34z\"\/><\/svg>\n      <\/span>\n      <span class='bde-icon-list__text' >\n      Seguros<br\/><i style=\"font-weight: 400; font-size: 1rem;\">Dentro y fuera de la red<\/i>\n      <\/span>\n              <\/div>\n      \n    <\/li>\n\n  <\/ul>\n\n<\/div>\n<\/div><\/div><div class=\"bde-rich-text-197-121 bde-rich-text breakdance-rich-text-styles\">\n<p><em>*En circunstancias inusuales en las que un paciente resuelve su propio caso, esperamos el pago en su totalidad sobre el asentamiento y esto puede ser pagado a trav\u00e9s de cheque o en efectivo. Nuestra oficina no acepta pagos mensuales ya que no estamos preparados para esto.<\/em><\/p>\n<\/div><\/div>\n<\/section>","protected":false},"excerpt":{"rendered":"<p>WHO PAYS FOR YOUR TREATMENT? Payments Find out what payment options are available after you have been involved in a personal injury case. Contact Us (414) 643-9000 Payments Accepted MED-PAY &#8211; If you have ben injured in an automobile accident where you were driving and have an auto-policy, you more than likely have auto insurance. [&hellip;]<\/p>","protected":false},"author":3,"featured_media":198,"parent":0,"menu_order":0,"comment_status":"closed","ping_status":"closed","template":"","meta":{"_acf_changed":false,"slim_seo":{"title":"Payments Accepted By Accident and Injury Rehab Center - Accident &amp; Injury Rehab Center","description":"\u00bfQUI\u00c9N PAGA SU TRATAMIENTO? Pagos Averig\u00fce qu\u00e9 opciones de pago est\u00e1n disponibles despu\u00e9s de haber estado involucrado en un caso de lesiones personales. Contacte con nosotros (414) 643-9"},"_breakdance_hide_in_design_set":false,"_breakdance_tags":"","footnotes":""},"class_list":["post-197","page","type-page","status-publish","has-post-thumbnail","hentry"],"acf":[],"_links":{"self":[{"href":"https:\/\/injuryrehabcenters.com\/es\/wp-json\/wp\/v2\/pages\/197","targetHints":{"allow":["GET"]}}],"collection":[{"href":"https:\/\/injuryrehabcenters.com\/es\/wp-json\/wp\/v2\/pages"}],"about":[{"href":"https:\/\/injuryrehabcenters.com\/es\/wp-json\/wp\/v2\/types\/page"}],"author":[{"embeddable":true,"href":"https:\/\/injuryrehabcenters.com\/es\/wp-json\/wp\/v2\/users\/3"}],"replies":[{"embeddable":true,"href":"https:\/\/injuryrehabcenters.com\/es\/wp-json\/wp\/v2\/comments?post=197"}],"version-history":[{"count":0,"href":"https:\/\/injuryrehabcenters.com\/es\/wp-json\/wp\/v2\/pages\/197\/revisions"}],"wp:featuredmedia":[{"embeddable":true,"href":"https:\/\/injuryrehabcenters.com\/es\/wp-json\/wp\/v2\/media\/198"}],"wp:attachment":[{"href":"https:\/\/injuryrehabcenters.com\/es\/wp-json\/wp\/v2\/media?parent=197"}],"curies":[{"name":"wp","href":"https:\/\/api.w.org\/{rel}","templated":true}]}}