{"id":158,"date":"2025-02-06T19:10:29","date_gmt":"2025-02-06T19:10:29","guid":{"rendered":"https:\/\/injuryrehabcenters.com\/?page_id=158"},"modified":"2025-02-06T19:41:04","modified_gmt":"2025-02-06T19:41:04","slug":"politica-de-privacidad","status":"publish","type":"page","link":"https:\/\/injuryrehabcenters.com\/es\/politica-de-privacidad\/","title":{"rendered":"Pol\u00edtica de privacidad"},"content":{"rendered":"<style>.breakdance .bde-section-158-110{background-image:url(https:\/\/injuryrehabcenters.com\/wp-content\/uploads\/2024\/02\/blue-abstract-bg.jpg)}.breakdance .bde-section-158-110>.section-background-overlay{background:linear-gradient(0deg,rgba(59,171,229,0.36) 0%,rgba(16,46,72,1) 100%)}<\/style><section class=\"bde-section-158-110 bde-section\">\n              \n  \n  \n\t\n\n  <div class=\"section-background-overlay\"><\/div>\n\n\n        <div class=\"section-shape-divider-wrapper section-shape-divider-wrapper--1\">\n          <span class=\"section-shape-divider\">\n                      <svg\n                xmlns=\"http:\/\/www.w3.org\/2000\/svg\"\n                viewbox=\"0 0 1440 320\"\n                preserveaspectratio=\"none\"\n            >\n              <path d=\"M1440 0 794.088 269.13c-45.603 19.001-102.573 19.001-148.176 0L0 0v320h1440V0Z\" fill=\"currentColor\"\/>\n            <\/svg>\n                    <\/span>\n      <\/div>\n  <div class=\"section-container\"><h1 class=\"bde-heading-158-105 bde-heading heading-outline\">\nPol\u00edtica de privacidad\n<\/h1><div class=\"bde-text-158-111 bde-text\">\nEn Accident &amp; Injury Rehab Center of Milwaukee, estamos comprometidos a proteger su privacidad. Lea acerca de nuestras pol\u00edticas de privacidad a continuaci\u00f3n para aprender m\u00e1s acerca de sus derechos, la informaci\u00f3n que recopilamos, y c\u00f3mo se utiliza esa informaci\u00f3n.\n<\/div><\/div>\n<\/section><section class=\"bde-section-158-103 bde-section\">\n  \n  \n\t\n\n\n\n<div class=\"section-container\"><div class=\"bde-rich-text-158-107 bde-rich-text breakdance-rich-text-styles\">\n<p><strong>Fecha de entrada en vigor:<\/strong> 6 de febrero de 2025<\/p><p>Accident &amp; Injury Rehab Center (\"nosotros\", \"nuestro\" o \"nos\") se compromete a proteger la privacidad de los visitantes y pacientes de nuestro sitio web. Esta pol\u00edtica de privacidad explica c\u00f3mo recopilamos, utilizamos, compartimos y protegemos su informaci\u00f3n cuando interact\u00faa con nuestro sitio web. Al utilizar nuestro sitio web, usted acepta las pr\u00e1cticas descritas en esta pol\u00edtica.<\/p><h3><strong>1. Informaci\u00f3n que recopilamos<\/strong><\/h3><p>Podemos recopilar los siguientes tipos de informaci\u00f3n cuando visite nuestro sitio web:<\/p><ul><li><strong>Informaci\u00f3n personal:<\/strong> Cuando env\u00eda formularios en nuestro sitio web (como solicitudes de cita o formularios de contacto), podemos recopilar datos personales como su nombre, n\u00famero de tel\u00e9fono, direcci\u00f3n de correo electr\u00f3nico y cualquier informaci\u00f3n adicional que nos proporcione.<\/li><li><strong>Informaci\u00f3n no personal:<\/strong> Utilizamos cookies y otras tecnolog\u00edas de seguimiento para recopilar datos an\u00f3nimos sobre su comportamiento de navegaci\u00f3n, incluida la direcci\u00f3n IP, el tipo de navegador y las p\u00e1ginas visitadas, con el fin de mejorar la funcionalidad del sitio web y la experiencia del usuario.<\/li><\/ul><h3><strong>2. C\u00f3mo utilizamos su informaci\u00f3n<\/strong><\/h3><p>Utilizamos la informaci\u00f3n recopilada para:<\/p><ul><li>Responder a las consultas y a las solicitudes de cita<\/li><li>Proporcionar actualizaciones e informaci\u00f3n sobre nuestros servicios<\/li><li>Mejorar el rendimiento del sitio web y la experiencia del usuario<\/li><li>Llevar a cabo actividades de marketing, incluidas comunicaciones por correo electr\u00f3nico y publicidad dirigida (s\u00f3lo con la informaci\u00f3n recopilada a trav\u00e9s de los formularios del sitio web).<\/li><\/ul><h3><strong>3. Intercambio y divulgaci\u00f3n de informaci\u00f3n<\/strong><\/h3><p>Lo hacemos <strong>no<\/strong> vender su informaci\u00f3n personal. Sin embargo, podemos compartir la informaci\u00f3n recogida a trav\u00e9s de los formularios del sitio web con terceros proveedores de servicios con fines de marketing, como el env\u00edo de actualizaciones relevantes relacionadas con la atenci\u00f3n sanitaria o mensajes promocionales. Usted puede optar por no recibir este tipo de comunicaciones en cualquier momento.<\/p><p>Adem\u00e1s, podemos revelar su informaci\u00f3n si as\u00ed lo exige la ley, en respuesta a procesos legales o para proteger los derechos y la seguridad de nuestra consulta, de los pacientes o de los usuarios del sitio web.<\/p><h3><strong>4. Uso de cookies y tecnolog\u00edas de seguimiento<\/strong><\/h3><p>Nuestro sitio web utiliza cookies para analizar el tr\u00e1fico y mejorar su experiencia de navegaci\u00f3n. Las cookies son peque\u00f1os archivos de datos almacenados en su dispositivo que nos ayudan a comprender c\u00f3mo interact\u00faan los usuarios con nuestro sitio. Puede ajustar la configuraci\u00f3n de su navegador para desactivar las cookies, pero esto puede afectar a la funcionalidad del sitio web.<\/p><h3><strong>5. 5. Seguridad de los datos<\/strong><\/h3><p>Tomamos medidas razonables para proteger su informaci\u00f3n frente a accesos no autorizados, p\u00e9rdidas o usos indebidos. Sin embargo, ninguna transmisi\u00f3n en l\u00ednea es 100% segura, y no podemos garantizar una seguridad absoluta.<\/p><h3><strong>6. Sus opciones de privacidad<\/strong><\/h3><p>Tienes derecho a:<\/p><ul><li>Darse de baja de las comunicaciones comerciales siguiendo las instrucciones para darse de baja que figuran en los correos electr\u00f3nicos.<\/li><li>Desactive las cookies a trav\u00e9s de la configuraci\u00f3n de su navegador.<\/li><\/ul><h3><strong>7. Actualizaciones de esta pol\u00edtica de privacidad<\/strong><\/h3><p>Podemos actualizar esta Pol\u00edtica de Privacidad peri\u00f3dicamente. Cualquier cambio se publicar\u00e1 en esta p\u00e1gina con la fecha de entrada en vigor actualizada. El uso continuado de nuestro sitio web implica la aceptaci\u00f3n de cualquier cambio.<\/p><h3><strong>8. 8. Informaci\u00f3n de contacto<\/strong><\/h3><p>Si tiene alguna pregunta sobre esta Pol\u00edtica de Privacidad o sobre c\u00f3mo tratamos su informaci\u00f3n, por favor <a href=\"https:\/\/injuryrehabcenters.com\/es\/contacto\/\">Contacto<\/a>.<\/p>\n<\/div><\/div>\n<\/section>","protected":false},"excerpt":{"rendered":"<p>Privacy Policy At Accident &#038; Injury Rehab Center of Milwaukee, we are committed to protecting your privacy. Read about our privacy policies below to learn more about your rights, the information we collect, and how that information is used. Effective Date: February 6th, 2025Accident &amp; Injury Rehab Center (&#8220;we,&#8221; &#8220;our,&#8221; or &#8220;us&#8221;) is committed to [&hellip;]<\/p>","protected":false},"author":3,"featured_media":0,"parent":0,"menu_order":0,"comment_status":"closed","ping_status":"closed","template":"","meta":{"_acf_changed":false,"slim_seo":{"title":"Privacy Policy - Accident &amp; Injury Rehab Center","description":"Pol\u00edtica de Privacidad En Accident &amp; Injury Rehab Center of Milwaukee, estamos comprometidos a proteger su privacidad. Lea nuestras pol\u00edticas de privacidad a continuaci\u00f3n para obtener m\u00e1s informaci\u00f3n"},"_breakdance_hide_in_design_set":false,"_breakdance_tags":"","footnotes":""},"class_list":["post-158","page","type-page","status-publish","hentry"],"acf":[],"_links":{"self":[{"href":"https:\/\/injuryrehabcenters.com\/es\/wp-json\/wp\/v2\/pages\/158","targetHints":{"allow":["GET"]}}],"collection":[{"href":"https:\/\/injuryrehabcenters.com\/es\/wp-json\/wp\/v2\/pages"}],"about":[{"href":"https:\/\/injuryrehabcenters.com\/es\/wp-json\/wp\/v2\/types\/page"}],"author":[{"embeddable":true,"href":"https:\/\/injuryrehabcenters.com\/es\/wp-json\/wp\/v2\/users\/3"}],"replies":[{"embeddable":true,"href":"https:\/\/injuryrehabcenters.com\/es\/wp-json\/wp\/v2\/comments?post=158"}],"version-history":[{"count":0,"href":"https:\/\/injuryrehabcenters.com\/es\/wp-json\/wp\/v2\/pages\/158\/revisions"}],"wp:attachment":[{"href":"https:\/\/injuryrehabcenters.com\/es\/wp-json\/wp\/v2\/media?parent=158"}],"curies":[{"name":"wp","href":"https:\/\/api.w.org\/{rel}","templated":true}]}}