{"id":157,"date":"2025-02-06T18:19:04","date_gmt":"2025-02-06T18:19:04","guid":{"rendered":"https:\/\/injuryrehabcenters.com\/?page_id=157"},"modified":"2025-04-29T13:43:22","modified_gmt":"2025-04-29T13:43:22","slug":"mapa-del-sitio","status":"publish","type":"page","link":"https:\/\/injuryrehabcenters.com\/es\/mapa-del-sitio\/","title":{"rendered":"Mapa del sitio"},"content":{"rendered":"<style>.breakdance .bde-section-157-110{background-image:url(https:\/\/injuryrehabcenters.com\/wp-content\/uploads\/2024\/02\/blue-abstract-bg.jpg)}.breakdance .bde-section-157-110>.section-background-overlay{background:linear-gradient(0deg,rgba(59,171,229,0.36) 0%,rgba(16,46,72,1) 100%)}<\/style><section class=\"bde-section-157-110 bde-section\">\n              \n  \n  \n\t\n\n  <div class=\"section-background-overlay\"><\/div>\n\n\n        <div class=\"section-shape-divider-wrapper section-shape-divider-wrapper--1\">\n          <span class=\"section-shape-divider\">\n                      <svg\n                xmlns=\"http:\/\/www.w3.org\/2000\/svg\"\n                viewbox=\"0 0 1440 320\"\n                preserveaspectratio=\"none\"\n            >\n              <path d=\"M1440 0 794.088 269.13c-45.603 19.001-102.573 19.001-148.176 0L0 0v320h1440V0Z\" fill=\"currentColor\"\/>\n            <\/svg>\n                    <\/span>\n      <\/div>\n  <div class=\"section-container\"><h1 class=\"bde-heading-157-105 bde-heading heading-outline\">\nMapa del sitio\n<\/h1><div class=\"bde-text-157-111 bde-text\">\nExplore nuestro mapa del sitio para navegar f\u00e1cilmente por nuestros servicios. Estamos especializados en el tratamiento de lesiones por accidentes de tr\u00e1fico y resbalones y ca\u00eddas. Encuentre informaci\u00f3n sobre nuestra atenci\u00f3n especializada, servicios de diagn\u00f3stico y recursos para el paciente que le ayudar\u00e1n en su recuperaci\u00f3n.\n<\/div><\/div>\n<\/section><section class=\"bde-section-157-112 bde-section\">\n  \n  \n\t\n\n\n\n<div class=\"section-container\"><h2 class=\"bde-heading-157-113 bde-heading\">\nP\u00e1ginas\n<\/h2><div class=\"bde-post-list-157-114 bde-post-list bde-preset-f3322e95-c967-46ad-8d57-3c5a6fbe66f8\"><div class=\"bde-loop bde-loop- ee-posts ee-posts-\">    <article class=\"bde-loop-item ee-post\">\n        \n        \n        <div class=\"bde-loop-item__wrap ee-post-wrap\">\n            \n                            <h3 class=\"ee-post-title\">\n                    <a class=\"bde-loop-item__title-link ee-post-title-link\" href=\"https:\/\/injuryrehabcenters.com\/es\/abogados\/\" >\n                        Trabajar juntos para construir su caso m\u00e1s s\u00f3lido                    <\/a>\n                <\/h3>\n            \n            \n        <\/div>\n\n    <\/article>\n\n    <article class=\"bde-loop-item ee-post\">\n        \n        \n        <div class=\"bde-loop-item__wrap ee-post-wrap\">\n            \n                            <h3 class=\"ee-post-title\">\n                    <a class=\"bde-loop-item__title-link ee-post-title-link\" href=\"https:\/\/injuryrehabcenters.com\/es\/sobre-la-doctora-kelly-von-schilling-worth\/\" >\n                        Dra. Kelly Von-Schilling Worth: Dedicada a su viaje de curaci\u00f3n                    <\/a>\n                <\/h3>\n            \n            \n        <\/div>\n\n    <\/article>\n\n    <article class=\"bde-loop-item ee-post\">\n        \n        \n        <div class=\"bde-loop-item__wrap ee-post-wrap\">\n            \n                            <h3 class=\"ee-post-title\">\n                    <a class=\"bde-loop-item__title-link ee-post-title-link\" href=\"https:\/\/injuryrehabcenters.com\/es\/nuestra-red\/\" >\n                        Nuestra red                    <\/a>\n                <\/h3>\n            \n            \n        <\/div>\n\n    <\/article>\n\n    <article class=\"bde-loop-item ee-post\">\n        \n        \n        <div class=\"bde-loop-item__wrap ee-post-wrap\">\n            \n                            <h3 class=\"ee-post-title\">\n                    <a class=\"bde-loop-item__title-link ee-post-title-link\" href=\"https:\/\/injuryrehabcenters.com\/es\/pagos-aceptados\/\" >\n                        Pagos aceptados por Accident and Injury Rehab Center                    <\/a>\n                <\/h3>\n            \n            \n        <\/div>\n\n    <\/article>\n\n    <article class=\"bde-loop-item ee-post\">\n        \n        \n        <div class=\"bde-loop-item__wrap ee-post-wrap\">\n            \n                            <h3 class=\"ee-post-title\">\n                    <a class=\"bde-loop-item__title-link ee-post-title-link\" href=\"https:\/\/injuryrehabcenters.com\/es\/politica-de-privacidad\/\" >\n                        Pol\u00edtica de privacidad                    <\/a>\n                <\/h3>\n            \n            \n        <\/div>\n\n    <\/article>\n\n    <article class=\"bde-loop-item ee-post\">\n        \n        \n        <div class=\"bde-loop-item__wrap ee-post-wrap\">\n            \n                            <h3 class=\"ee-post-title\">\n                    <a class=\"bde-loop-item__title-link ee-post-title-link\" href=\"https:\/\/injuryrehabcenters.com\/es\/mapa-del-sitio\/\" >\n                        Mapa del sitio                    <\/a>\n                <\/h3>\n            \n            \n        <\/div>\n\n    <\/article>\n\n    <article class=\"bde-loop-item ee-post\">\n        \n        \n        <div class=\"bde-loop-item__wrap ee-post-wrap\">\n            \n                            <h3 class=\"ee-post-title\">\n                    <a class=\"bde-loop-item__title-link ee-post-title-link\" href=\"https:\/\/injuryrehabcenters.com\/es\/blog\/\" >\n                        Blog                    <\/a>\n                <\/h3>\n            \n            \n        <\/div>\n\n    <\/article>\n\n    <article class=\"bde-loop-item ee-post\">\n        \n        \n        <div class=\"bde-loop-item__wrap ee-post-wrap\">\n            \n                            <h3 class=\"ee-post-title\">\n                    <a class=\"bde-loop-item__title-link ee-post-title-link\" href=\"https:\/\/injuryrehabcenters.com\/es\/acerca-de-nosotros\/\" >\n                        Qui\u00e9nes somos                    <\/a>\n                <\/h3>\n            \n            \n        <\/div>\n\n    <\/article>\n\n    <article class=\"bde-loop-item ee-post\">\n        \n        \n        <div class=\"bde-loop-item__wrap ee-post-wrap\">\n            \n                            <h3 class=\"ee-post-title\">\n                    <a class=\"bde-loop-item__title-link ee-post-title-link\" href=\"https:\/\/injuryrehabcenters.com\/es\/contacto\/\" >\n                        Contacte con nosotros                    <\/a>\n                <\/h3>\n            \n            \n        <\/div>\n\n    <\/article>\n\n    <article class=\"bde-loop-item ee-post\">\n        \n        \n        <div class=\"bde-loop-item__wrap ee-post-wrap\">\n            \n                            <h3 class=\"ee-post-title\">\n                    <a class=\"bde-loop-item__title-link ee-post-title-link\" href=\"https:\/\/injuryrehabcenters.com\/es\/\" >\n                        Centro de rehabilitaci\u00f3n de accidentes y lesiones de Milwaukee                    <\/a>\n                <\/h3>\n            \n            \n        <\/div>\n\n    <\/article>\n\n<\/div><\/div><h2 class=\"bde-heading-157-115 bde-heading\">\nLesiones que tratamos\n<\/h2><div class=\"bde-post-list-157-116 bde-post-list bde-preset-f3322e95-c967-46ad-8d57-3c5a6fbe66f8\"><div class=\"bde-loop bde-loop- ee-posts ee-posts-\">    <article class=\"bde-loop-item ee-post\">\n        \n        \n        <div class=\"bde-loop-item__wrap ee-post-wrap\">\n            \n                            <h3 class=\"ee-post-title\">\n                    <a class=\"bde-loop-item__title-link ee-post-title-link\" href=\"https:\/\/injuryrehabcenters.com\/es\/lesion\/atencion-medica-a-las-victimas-de-accidentes-de-trafico\/\" >\n                        Atenci\u00f3n m\u00e9dica a las v\u00edctimas de accidentes de tr\u00e1fico                    <\/a>\n                <\/h3>\n            \n            \n        <\/div>\n\n    <\/article>\n\n    <article class=\"bde-loop-item ee-post\">\n        \n        \n        <div class=\"bde-loop-item__wrap ee-post-wrap\">\n            \n                            <h3 class=\"ee-post-title\">\n                    <a class=\"bde-loop-item__title-link ee-post-title-link\" href=\"https:\/\/injuryrehabcenters.com\/es\/lesion\/atencion-medica-por-resbalon-y-caida\/\" >\n                        Tratamiento integral de lesiones por resbalones y ca\u00eddas en Milwaukee                    <\/a>\n                <\/h3>\n            \n            \n        <\/div>\n\n    <\/article>\n\n    <article class=\"bde-loop-item ee-post\">\n        \n        \n        <div class=\"bde-loop-item__wrap ee-post-wrap\">\n            \n                            <h3 class=\"ee-post-title\">\n                    <a class=\"bde-loop-item__title-link ee-post-title-link\" href=\"https:\/\/injuryrehabcenters.com\/es\/lesion\/tratamiento-medico-en-casos-de-danos-corporales\/\" >\n                        \u00bfLastimado en un accidente personal? Comience a curarse con los expertos en rehabilitaci\u00f3n de confianza de Milwaukee.                    <\/a>\n                <\/h3>\n            \n            \n        <\/div>\n\n    <\/article>\n\n    <article class=\"bde-loop-item ee-post\">\n        \n        \n        <div class=\"bde-loop-item__wrap ee-post-wrap\">\n            \n                            <h3 class=\"ee-post-title\">\n                    <a class=\"bde-loop-item__title-link ee-post-title-link\" href=\"https:\/\/injuryrehabcenters.com\/es\/lesion\/tratamiento-del-cuello\/\" >\n                        Lesiones cervicales: Distensiones comunes, dolor y opciones de tratamiento                    <\/a>\n                <\/h3>\n            \n            \n        <\/div>\n\n    <\/article>\n\n    <article class=\"bde-loop-item ee-post\">\n        \n        \n        <div class=\"bde-loop-item__wrap ee-post-wrap\">\n            \n                            <h3 class=\"ee-post-title\">\n                    <a class=\"bde-loop-item__title-link ee-post-title-link\" href=\"https:\/\/injuryrehabcenters.com\/es\/lesion\/tratamiento-del-hombro\/\" >\n                        Comprender las lesiones de hombro: S\u00edntomas, causas y opciones para aliviar el dolor                    <\/a>\n                <\/h3>\n            \n            \n        <\/div>\n\n    <\/article>\n\n    <article class=\"bde-loop-item ee-post\">\n        \n        \n        <div class=\"bde-loop-item__wrap ee-post-wrap\">\n            \n                            <h3 class=\"ee-post-title\">\n                    <a class=\"bde-loop-item__title-link ee-post-title-link\" href=\"https:\/\/injuryrehabcenters.com\/es\/lesion\/tratamiento-de-la-cabeza\/\" >\n                        Comprender los traumatismos craneoencef\u00e1licos: S\u00edntomas, causas y tratamientos                    <\/a>\n                <\/h3>\n            \n            \n        <\/div>\n\n    <\/article>\n\n    <article class=\"bde-loop-item ee-post\">\n        \n        \n        <div class=\"bde-loop-item__wrap ee-post-wrap\">\n            \n                            <h3 class=\"ee-post-title\">\n                    <a class=\"bde-loop-item__title-link ee-post-title-link\" href=\"https:\/\/injuryrehabcenters.com\/es\/lesion\/tratamiento-de-la-espalda\/\" >\n                        Control del dolor de espalda: lesiones y tratamientos eficaces                    <\/a>\n                <\/h3>\n            \n            \n        <\/div>\n\n    <\/article>\n\n    <article class=\"bde-loop-item ee-post\">\n        \n        \n        <div class=\"bde-loop-item__wrap ee-post-wrap\">\n            \n                            <h3 class=\"ee-post-title\">\n                    <a class=\"bde-loop-item__title-link ee-post-title-link\" href=\"https:\/\/injuryrehabcenters.com\/es\/lesion\/tratamiento-del-brazo\/\" >\n                        Obtenga tratamiento y alivio para su dolor de brazo en el Centro de Rehabilitaci\u00f3n de Accidentes y Lesiones                    <\/a>\n                <\/h3>\n            \n            \n        <\/div>\n\n    <\/article>\n\n    <article class=\"bde-loop-item ee-post\">\n        \n        \n        <div class=\"bde-loop-item__wrap ee-post-wrap\">\n            \n                            <h3 class=\"ee-post-title\">\n                    <a class=\"bde-loop-item__title-link ee-post-title-link\" href=\"https:\/\/injuryrehabcenters.com\/es\/lesion\/tratamiento-del-tobillo\/\" >\n                        Tratamiento integral del esguince de tobillo: comprensi\u00f3n de las lesiones y recuperaci\u00f3n                    <\/a>\n                <\/h3>\n            \n            \n        <\/div>\n\n    <\/article>\n\n    <article class=\"bde-loop-item ee-post\">\n        \n        \n        <div class=\"bde-loop-item__wrap ee-post-wrap\">\n            \n                            <h3 class=\"ee-post-title\">\n                    <a class=\"bde-loop-item__title-link ee-post-title-link\" href=\"https:\/\/injuryrehabcenters.com\/es\/lesion\/tratamiento-del-codo\/\" >\n                        Gu\u00eda completa de lesiones de codo: Diagn\u00f3stico, tratamiento y alivio del dolor                    <\/a>\n                <\/h3>\n            \n            \n        <\/div>\n\n    <\/article>\n\n    <article class=\"bde-loop-item ee-post\">\n        \n        \n        <div class=\"bde-loop-item__wrap ee-post-wrap\">\n            \n                            <h3 class=\"ee-post-title\">\n                    <a class=\"bde-loop-item__title-link ee-post-title-link\" href=\"https:\/\/injuryrehabcenters.com\/es\/lesion\/tratamiento-de-los-pies\/\" >\n                        Gu\u00eda completa para el tratamiento de lesiones de pie y tobillo                    <\/a>\n                <\/h3>\n            \n            \n        <\/div>\n\n    <\/article>\n\n    <article class=\"bde-loop-item ee-post\">\n        \n        \n        <div class=\"bde-loop-item__wrap ee-post-wrap\">\n            \n                            <h3 class=\"ee-post-title\">\n                    <a class=\"bde-loop-item__title-link ee-post-title-link\" href=\"https:\/\/injuryrehabcenters.com\/es\/lesion\/tratamiento-de-manos\/\" >\n                        Lesiones comunes de la mano: S\u00edntomas, tratamiento y cuidados                    <\/a>\n                <\/h3>\n            \n            \n        <\/div>\n\n    <\/article>\n\n    <article class=\"bde-loop-item ee-post\">\n        \n        \n        <div class=\"bde-loop-item__wrap ee-post-wrap\">\n            \n                            <h3 class=\"ee-post-title\">\n                    <a class=\"bde-loop-item__title-link ee-post-title-link\" href=\"https:\/\/injuryrehabcenters.com\/es\/lesion\/tratamiento-de-la-cadera\/\" >\n                        Lesiones comunes de cadera: S\u00edntomas, causas y opciones de tratamiento eficaces                    <\/a>\n                <\/h3>\n            \n            \n        <\/div>\n\n    <\/article>\n\n    <article class=\"bde-loop-item ee-post\">\n        \n        \n        <div class=\"bde-loop-item__wrap ee-post-wrap\">\n            \n                            <h3 class=\"ee-post-title\">\n                    <a class=\"bde-loop-item__title-link ee-post-title-link\" href=\"https:\/\/injuryrehabcenters.com\/es\/lesion\/tratamiento-de-la-rodilla\/\" >\n                        Lesiones de rodilla: S\u00edntomas, causas y cuidados                    <\/a>\n                <\/h3>\n            \n            \n        <\/div>\n\n    <\/article>\n\n    <article class=\"bde-loop-item ee-post\">\n        \n        \n        <div class=\"bde-loop-item__wrap ee-post-wrap\">\n            \n                            <h3 class=\"ee-post-title\">\n                    <a class=\"bde-loop-item__title-link ee-post-title-link\" href=\"https:\/\/injuryrehabcenters.com\/es\/lesion\/tratamiento-de-piernas\/\" >\n                        Comprender las lesiones de pierna: Diagn\u00f3stico, tratamiento y opciones de recuperaci\u00f3n                    <\/a>\n                <\/h3>\n            \n            \n        <\/div>\n\n    <\/article>\n\n    <article class=\"bde-loop-item ee-post\">\n        \n        \n        <div class=\"bde-loop-item__wrap ee-post-wrap\">\n            \n                            <h3 class=\"ee-post-title\">\n                    <a class=\"bde-loop-item__title-link ee-post-title-link\" href=\"https:\/\/injuryrehabcenters.com\/es\/lesion\/tratamiento-de-la-muneca\/\" >\n                        Gu\u00eda completa de lesiones de mu\u00f1eca: S\u00edntomas, tratamiento y cuidados                    <\/a>\n                <\/h3>\n            \n            \n        <\/div>\n\n    <\/article>\n\n<\/div><\/div><h2 class=\"bde-heading-157-117 bde-heading\">\nServicios que ofrecemos\n<\/h2><div class=\"bde-post-list-157-118 bde-post-list bde-preset-f3322e95-c967-46ad-8d57-3c5a6fbe66f8\"><div class=\"bde-loop bde-loop- ee-posts ee-posts-\">    <article class=\"bde-loop-item ee-post\">\n        \n        \n        <div class=\"bde-loop-item__wrap ee-post-wrap\">\n            \n                            <h3 class=\"ee-post-title\">\n                    <a class=\"bde-loop-item__title-link ee-post-title-link\" href=\"https:\/\/injuryrehabcenters.com\/es\/servicio\/servicios-de-medicare\/\" >\n                        Servicios de Medicare                    <\/a>\n                <\/h3>\n            \n            \n        <\/div>\n\n    <\/article>\n\n    <article class=\"bde-loop-item ee-post\">\n        \n        \n        <div class=\"bde-loop-item__wrap ee-post-wrap\">\n            \n                            <h3 class=\"ee-post-title\">\n                    <a class=\"bde-loop-item__title-link ee-post-title-link\" href=\"https:\/\/injuryrehabcenters.com\/es\/servicio\/pruebas-de-diagnostico\/\" >\n                        Comprender las pruebas de diagn\u00f3stico m\u00e9dico                    <\/a>\n                <\/h3>\n            \n            \n        <\/div>\n\n    <\/article>\n\n    <article class=\"bde-loop-item ee-post\">\n        \n        \n        <div class=\"bde-loop-item__wrap ee-post-wrap\">\n            \n                            <h3 class=\"ee-post-title\">\n                    <a class=\"bde-loop-item__title-link ee-post-title-link\" href=\"https:\/\/injuryrehabcenters.com\/es\/servicio\/radiografia-digital\/\" >\n                        Radiograf\u00eda digital: Ventajas de la imagen digital en el diagn\u00f3stico de lesiones                    <\/a>\n                <\/h3>\n            \n            \n        <\/div>\n\n    <\/article>\n\n    <article class=\"bde-loop-item ee-post\">\n        \n        \n        <div class=\"bde-loop-item__wrap ee-post-wrap\">\n            \n                            <h3 class=\"ee-post-title\">\n                    <a class=\"bde-loop-item__title-link ee-post-title-link\" href=\"https:\/\/injuryrehabcenters.com\/es\/servicio\/pruebas-de-vnc-y-emg\/\" >\n                        Comprender las pruebas NCV y EMG: Explicaci\u00f3n de la conducci\u00f3n nerviosa y la electromiograf\u00eda                    <\/a>\n                <\/h3>\n            \n            \n        <\/div>\n\n    <\/article>\n\n    <article class=\"bde-loop-item ee-post\">\n        \n        \n        <div class=\"bde-loop-item__wrap ee-post-wrap\">\n            \n                            <h3 class=\"ee-post-title\">\n                    <a class=\"bde-loop-item__title-link ee-post-title-link\" href=\"https:\/\/injuryrehabcenters.com\/es\/servicio\/resonancias-magneticas\/\" >\n                        Comprender las exploraciones por resonancia magn\u00e9tica: M\u00e1s informaci\u00f3n sobre la resonancia magn\u00e9tica                    <\/a>\n                <\/h3>\n            \n            \n        <\/div>\n\n    <\/article>\n\n    <article class=\"bde-loop-item ee-post\">\n        \n        \n        <div class=\"bde-loop-item__wrap ee-post-wrap\">\n            \n                            <h3 class=\"ee-post-title\">\n                    <a class=\"bde-loop-item__title-link ee-post-title-link\" href=\"https:\/\/injuryrehabcenters.com\/es\/servicio\/terapia-laser\/\" >\n                        Terapia L\u00e1ser: Alivio del dolor, procedimientos de tratamiento y riesgos                    <\/a>\n                <\/h3>\n            \n            \n        <\/div>\n\n    <\/article>\n\n    <article class=\"bde-loop-item ee-post\">\n        \n        \n        <div class=\"bde-loop-item__wrap ee-post-wrap\">\n            \n                            <h3 class=\"ee-post-title\">\n                    <a class=\"bde-loop-item__title-link ee-post-title-link\" href=\"https:\/\/injuryrehabcenters.com\/es\/servicio\/quiropractica\/\" >\n                        Tratamiento Quiropr\u00e1ctico Despu\u00e9s de un Accidente: Rehabilitaci\u00f3n eficaz para la recuperaci\u00f3n de lesiones                    <\/a>\n                <\/h3>\n            \n            \n        <\/div>\n\n    <\/article>\n\n    <article class=\"bde-loop-item ee-post\">\n        \n        \n        <div class=\"bde-loop-item__wrap ee-post-wrap\">\n            \n                            <h3 class=\"ee-post-title\">\n                    <a class=\"bde-loop-item__title-link ee-post-title-link\" href=\"https:\/\/injuryrehabcenters.com\/es\/servicio\/terapia-de-descompresion-vertebral\/\" >\n                        Terapia de descompresi\u00f3n espinal: Una v\u00eda para aliviar el dolor de espalda tras un accidente                    <\/a>\n                <\/h3>\n            \n            \n        <\/div>\n\n    <\/article>\n\n    <article class=\"bde-loop-item ee-post\">\n        \n        \n        <div class=\"bde-loop-item__wrap ee-post-wrap\">\n            \n                            <h3 class=\"ee-post-title\">\n                    <a class=\"bde-loop-item__title-link ee-post-title-link\" href=\"https:\/\/injuryrehabcenters.com\/es\/servicio\/fisioterapia\/\" >\n                        Fisioterapia: Ayuda tras accidentes con lesiones personales                    <\/a>\n                <\/h3>\n            \n            \n        <\/div>\n\n    <\/article>\n\n    <article class=\"bde-loop-item ee-post\">\n        \n        \n        <div class=\"bde-loop-item__wrap ee-post-wrap\">\n            \n                            <h3 class=\"ee-post-title\">\n                    <a class=\"bde-loop-item__title-link ee-post-title-link\" href=\"https:\/\/injuryrehabcenters.com\/es\/servicio\/terapia-del-sistema-de-despesaje\/\" >\n                        Terapia del sistema de descarga: Un camino hacia la recuperaci\u00f3n tras un accidente                    <\/a>\n                <\/h3>\n            \n            \n        <\/div>\n\n    <\/article>\n\n<\/div><\/div><h2 class=\"bde-heading-157-121 bde-heading\">\nPuestos\n<\/h2><div class=\"bde-post-list-157-122 bde-post-list bde-preset-f3322e95-c967-46ad-8d57-3c5a6fbe66f8\"><div class=\"bde-loop bde-loop- ee-posts ee-posts-\">    <article class=\"bde-loop-item ee-post\">\n        \n        \n        <div class=\"bde-loop-item__wrap ee-post-wrap\">\n            \n                            <h3 class=\"ee-post-title\">\n                    <a class=\"bde-loop-item__title-link ee-post-title-link\" href=\"https:\/\/injuryrehabcenters.com\/es\/que-es-la-calificacion-de-deterioro\/\" >\n                        \u00bfQu\u00e9 es el grado de discapacidad?                    <\/a>\n                <\/h3>\n                            <div class=\"bde-loop-item__post-meta ee-post-meta\">\n                                                                                <span class=\"bde-loop-item__meta-date bde-loop-item__meta-item ee-post-meta-date ee-post-meta-item\">\n                                    12 de mayo de 2025                                <\/span>\n                                                \n                <\/div>\n            \n            \n        <\/div>\n\n    <\/article>\n\n<\/div><\/div><\/div>\n<\/section>","protected":false},"excerpt":{"rendered":"","protected":false},"author":3,"featured_media":0,"parent":0,"menu_order":0,"comment_status":"closed","ping_status":"closed","template":"","meta":{"_acf_changed":false,"slim_seo":{"title":"What Is an Impairment Rating? - Accident &amp; Injury Rehab Center","description":"Obtenga atenci\u00f3n experta y una calificaci\u00f3n de incapacidad formal para respaldar su reclamaci\u00f3n por lesiones en Accident and Injury Rehab Center. Ayudamos a maximizar su recuperaci\u00f3n y liquidaci\u00f3n."},"_breakdance_hide_in_design_set":false,"_breakdance_tags":"","footnotes":""},"class_list":["post-157","page","type-page","status-publish","hentry"],"acf":[],"_links":{"self":[{"href":"https:\/\/injuryrehabcenters.com\/es\/wp-json\/wp\/v2\/pages\/157","targetHints":{"allow":["GET"]}}],"collection":[{"href":"https:\/\/injuryrehabcenters.com\/es\/wp-json\/wp\/v2\/pages"}],"about":[{"href":"https:\/\/injuryrehabcenters.com\/es\/wp-json\/wp\/v2\/types\/page"}],"author":[{"embeddable":true,"href":"https:\/\/injuryrehabcenters.com\/es\/wp-json\/wp\/v2\/users\/3"}],"replies":[{"embeddable":true,"href":"https:\/\/injuryrehabcenters.com\/es\/wp-json\/wp\/v2\/comments?post=157"}],"version-history":[{"count":0,"href":"https:\/\/injuryrehabcenters.com\/es\/wp-json\/wp\/v2\/pages\/157\/revisions"}],"wp:attachment":[{"href":"https:\/\/injuryrehabcenters.com\/es\/wp-json\/wp\/v2\/media?parent=157"}],"curies":[{"name":"wp","href":"https:\/\/api.w.org\/{rel}","templated":true}]}}